{"id":1353,"date":"2023-11-09T14:44:21","date_gmt":"2023-11-09T17:44:21","guid":{"rendered":"https:\/\/b2ti.com.br\/unidades-de-negocio-e-produtos\/?post_type=product&#038;p=1353"},"modified":"2025-07-29T20:05:32","modified_gmt":"2025-07-29T23:05:32","slug":"mailstore-server","status":"publish","type":"product","link":"https:\/\/b2ti.com.br\/unidades-de-negocio-e-produtos\/produto\/mailstore-server\/","title":{"rendered":"MailStore Server &#8211; Licen\u00e7a para 5 usu\u00e1rios"},"content":{"rendered":"<h1>Seus benef\u00edcios com o MailStore Server<\/h1>\n<p>&nbsp;<\/p>\n<p>O MailStore Server permite que as empresas aproveitem todos os benef\u00edcios de um arquivo de e-mail moderno, de forma simples e segura. MailStore Server cria c\u00f3pias de todos os e-mails em um arquivo central, garantindo assim a disponibilidade e seguran\u00e7a de qualquer quantidade de dados ao longo de muitos anos. Os usu\u00e1rios ainda podem acessar seus e-mails e navegar neles rapidamente, por exemplo, com a ajuda de uma integra\u00e7\u00e3o perfeita com o Microsoft Outlook.<\/p>\n<p>&nbsp;<\/p>\n<h3>Assist\u00eancia com conformidade regulat\u00f3ria<\/h3>\n<p>O MailStore Server ajuda as empresas a atender a um n\u00famero crescente de requisitos e obriga\u00e7\u00f5es de conformidade sob o GDPR.<\/p>\n<p>&nbsp;<\/p>\n<h3>Prote\u00e7\u00e3o contra perda de dados<\/h3>\n<p>O arquivamento de di\u00e1rios ajuda a salvaguardar a integridade do arquivo. At\u00e9 mesmo os arquivos PST podem ser arquivados e protegidos centralmente.<\/p>\n<p>&nbsp;<\/p>\n<h3>Reduza os requisitos de armazenamento<\/h3>\n<p>A exclus\u00e3o de e-mails do servidor com base em regras ap\u00f3s arquivamento, elimina\u00e7\u00e3o de duplica\u00e7\u00e3o e compacta\u00e7\u00e3o ajuda voc\u00ea a economizar espa\u00e7o de armazenamento.<\/p>\n<p>&nbsp;<\/p>\n<h3>Backup e restaura\u00e7\u00e3o simplificados<\/h3>\n<p>Volumes de dados reduzidos no servidor de e-mail e op\u00e7\u00f5es de restaura\u00e7\u00e3o com um clique para os usu\u00e1rios significam tempos de backup e restaura\u00e7\u00e3o mais curtos.<\/p>\n<p>&nbsp;<\/p>\n<h3>Aumentar a produtividade<\/h3>\n<p>Os usu\u00e1rios se beneficiam da r\u00e1pida fun\u00e7\u00e3o de pesquisa de texto completo, da opera\u00e7\u00e3o intuitiva e da elimina\u00e7\u00e3o de cotas de caixa de correio.<\/p>\n<p>&nbsp;<\/p>\n<h3>Independ\u00eancia<\/h3>\n<p>O arquivamento independente do servi\u00e7o de e-mail \u00e9 uma medida de seguran\u00e7a adicional para seus dados de e-mail.<\/p>\n<p>&nbsp;<\/p>\n<h2>Arquivamento de e-mail para pequenas e m\u00e9dias empresas<\/h2>\n<p>Saiba como voc\u00ea, como gerente de neg\u00f3cios, administrador de TI ou usu\u00e1rio, pode se beneficiar da solu\u00e7\u00e3o de arquivamento de e-mail MailStore Server.<\/p>\n<p>&nbsp;<\/p>\n<h3>Por que arquivar e-mails?<\/h3>\n<p>Os e-mails n\u00e3o s\u00e3o apenas um importante meio de comunica\u00e7\u00e3o, mas tamb\u00e9m um recurso de informa\u00e7\u00e3o abrangente e valioso para qualquer empresa. Al\u00e9m da correspond\u00eancia comercial, podem conter cota\u00e7\u00f5es, contratos, faturas e dados de vendas, e at\u00e9 informa\u00e7\u00f5es confidenciais da empresa, como dados sobre processos de trabalho internos ou dados financeiros. A gest\u00e3o eficiente deste recurso de informa\u00e7\u00e3o \u00e9 um componente elementar de qualquer estrat\u00e9gia empresarial bem-sucedida e uma das principais tarefas da gest\u00e3o da informa\u00e7\u00e3o. \u00c9 aqui que o arquivamento de e-mail pode fornecer um suporte valioso para ajudar uma empresa a fazer o melhor uso dos dados cr\u00edticos para os neg\u00f3cios contidos nos e-mails. Leia nosso<a href=\"https:\/\/www.mailstore.com\/en\/lp-whitepaper-guide-to-email-archiving\/\" target=\"_blank\" rel=\"noopener\"> Guia gratuito<\/a> para arquivamento de e-mail para saber mais.<\/p>\n<p>&nbsp;<\/p>\n<p>Siga a B2TI nas redes sociais e fique por dentro das nossas novidades: <a href=\"https:\/\/linkedin.com\/company\/b2ti-solutions\/\" target=\"_blank\" rel=\"noopener\">LinkedIn<\/a> , <a href=\"https:\/\/facebook.com\/b2ti.solutions\/\" target=\"_blank\" rel=\"noopener\">Facebook<\/a> , <a href=\"https:\/\/instagram.com\/b2tisolutions\/\" target=\"_blank\" rel=\"noopener\">Instagram<\/a> e <a href=\"https:\/\/www.youtube.com\/@b2tisolutions930\" target=\"_blank\" rel=\"noopener\">Youtube<\/a> Nosso site: <a href=\"https:\/\/b2ti.com.br\" target=\"_blank\" rel=\"noopener\">www.b2ti.com.br<\/a><\/p>\n","protected":false},"excerpt":{"rendered":"<h1>MailStore | Server | Arquivamento de e-mails |<\/h1>\n<p>O MailStore Server permite que as empresas aproveitem todos os benef\u00edcios de um arquivo de e-mail moderno, de forma simples e segura. MailStore Server cria c\u00f3pias de todos os e-mails em um arquivo central, garantindo assim a disponibilidade e seguran\u00e7a de qualquer quantidade de dados ao longo de muitos anos.<\/p>\n","protected":false},"featured_media":1356,"comment_status":"open","ping_status":"closed","template":"","meta":[],"product_brand":[153],"product_cat":[74,33],"product_tag":[178],"class_list":{"0":"post-1353","1":"product","2":"type-product","3":"status-publish","4":"has-post-thumbnail","6":"product_brand-mailstore","7":"product_cat-backup","8":"product_cat-software","9":"product_tag-software","11":"first","12":"instock","13":"shipping-taxable","14":"product-type-simple"},"_links":{"self":[{"href":"https:\/\/b2ti.com.br\/unidades-de-negocio-e-produtos\/wp-json\/wp\/v2\/product\/1353","targetHints":{"allow":["GET"]}}],"collection":[{"href":"https:\/\/b2ti.com.br\/unidades-de-negocio-e-produtos\/wp-json\/wp\/v2\/product"}],"about":[{"href":"https:\/\/b2ti.com.br\/unidades-de-negocio-e-produtos\/wp-json\/wp\/v2\/types\/product"}],"replies":[{"embeddable":true,"href":"https:\/\/b2ti.com.br\/unidades-de-negocio-e-produtos\/wp-json\/wp\/v2\/comments?post=1353"}],"wp:featuredmedia":[{"embeddable":true,"href":"https:\/\/b2ti.com.br\/unidades-de-negocio-e-produtos\/wp-json\/wp\/v2\/media\/1356"}],"wp:attachment":[{"href":"https:\/\/b2ti.com.br\/unidades-de-negocio-e-produtos\/wp-json\/wp\/v2\/media?parent=1353"}],"wp:term":[{"taxonomy":"product_brand","embeddable":true,"href":"https:\/\/b2ti.com.br\/unidades-de-negocio-e-produtos\/wp-json\/wp\/v2\/product_brand?post=1353"},{"taxonomy":"product_cat","embeddable":true,"href":"https:\/\/b2ti.com.br\/unidades-de-negocio-e-produtos\/wp-json\/wp\/v2\/product_cat?post=1353"},{"taxonomy":"product_tag","embeddable":true,"href":"https:\/\/b2ti.com.br\/unidades-de-negocio-e-produtos\/wp-json\/wp\/v2\/product_tag?post=1353"}],"curies":[{"name":"wp","href":"https:\/\/api.w.org\/{rel}","templated":true}]}}