{"id":1452,"date":"2024-03-06T09:59:32","date_gmt":"2024-03-06T12:59:32","guid":{"rendered":"https:\/\/b2ti.com.br\/unidades-de-negocio-e-produtos\/?post_type=product&#038;p=1452"},"modified":"2025-07-28T23:31:37","modified_gmt":"2025-07-29T02:31:37","slug":"tela-digital-interativa-tdi-7865-1950552","status":"publish","type":"product","link":"https:\/\/b2ti.com.br\/unidades-de-negocio-e-produtos\/produto\/tela-digital-interativa-tdi-7865-1950552\/","title":{"rendered":"Tela Digital Interativa TDi 7865 PN: 1950552"},"content":{"rendered":"<h1>Tela Digital Interativa TDi 7865 &#8211; PN: 1950552<\/h1>\n<p>&nbsp;<\/p>\n<h2><strong>Especifica\u00e7\u00f5es T\u00e9cnicas<\/strong><\/h2>\n<ul>\n<li><strong>PN:<\/strong> 1950552<\/li>\n<li><strong>Diagonal:<\/strong> 65\u2019\u2019<\/li>\n<li><strong>Luz de fundo:<\/strong> DLED<\/li>\n<li><strong>Propor\u00e7\u00e3o:<\/strong> 16:9<\/li>\n<li><strong>Brilho:<\/strong> 350 nits<\/li>\n<li><strong>Ajuste de brilho:<\/strong> Autom\u00e1tico ou manual<\/li>\n<li><strong>Resolu\u00e7\u00e3o:<\/strong> 3840 x 2160 (4K)<\/li>\n<li><strong>\u00c2ngulo de vis\u00e3o:<\/strong> 178\u00ba (horizontal) \/ 178\u00ba (vertical)<\/li>\n<li><strong>Taxa de atualiza\u00e7\u00e3o:<\/strong> 60 Hz<\/li>\n<li><strong>Contraste est\u00e1tico:<\/strong> 1200:1<\/li>\n<li><strong>Contraste din\u00e2mico:<\/strong> 6000:1<\/li>\n<li><strong>Tempo de Opera\u00e7\u00e3o:<\/strong> 16\/7 (horas\/dias)<\/li>\n<li><strong>Vida \u00fatil (MTBF):<\/strong> 50000 horas<\/li>\n<li><strong>Lat\u00eancia de Escrita:<\/strong> 45ms<\/li>\n<li><strong>Precis\u00e3o da Escrita:<\/strong> \u00b11mm<\/li>\n<\/ul>\n<p>&nbsp;<\/p>\n<h2><strong>Interface<\/strong><\/h2>\n<h3><strong>Entradas<\/strong><\/h3>\n<ul>\n<li>1x Sensor de luz<\/li>\n<li>1x Bot\u00e3o de alimenta\u00e7\u00e3o<\/li>\n<li>1x RJ-45<\/li>\n<li>3x USB 3.0<\/li>\n<li>1x Micro USB<\/li>\n<li>1x RS-232<\/li>\n<li>1x HDMI<\/li>\n<li>1x Touch<\/li>\n<li>1x IrDA<\/li>\n<\/ul>\n<p>&nbsp;<\/p>\n<h3><strong>Sa\u00edda<\/strong><\/h3>\n<ul>\n<li>1x \u00c1udio<\/li>\n<\/ul>\n<p>&nbsp;<\/p>\n<h3><strong>Wi-Fi<\/strong><\/h3>\n<ul>\n<li>1x Wi-Fi<\/li>\n<li>1x Hotspot<\/li>\n<\/ul>\n<p>&nbsp;<\/p>\n<h3><strong>Protocolo de Comunica\u00e7\u00e3o<\/strong><\/h3>\n<p>IPV4<\/p>\n<p>&nbsp;<\/p>\n<h2><strong>Caracter\u00edsticas El\u00e9tricas<\/strong><\/h2>\n<ul>\n<li><strong>Consumo (padr\u00e3o):<\/strong> 250W<\/li>\n<li><strong>Consumo (standby):<\/strong> 0.5W<\/li>\n<li><strong>Fonte de alimenta\u00e7\u00e3o:<\/strong> AC 100V~240V (+\/-5%), 50\/60 Hz<\/li>\n<\/ul>\n<p>&nbsp;<\/p>\n<h2><strong>Caracter\u00edsticas Mec\u00e2nicas<\/strong><\/h2>\n<ul>\n<li><strong>Peso bruto:<\/strong> 46 kg<\/li>\n<li><strong>Peso l\u00edquido:<\/strong> 38 kg<\/li>\n<li><strong>Dimens\u00f5es (produto):<\/strong> 1485,0 \u00d7 87,0 \u00d7 941,0 mm<\/li>\n<li><strong>Dimens\u00f5es (embalagem):<\/strong> 1587,0 x 235,0 x 1070,0 mm<\/li>\n<li><strong>Dimens\u00f5es da Tela (\u00c1rea de Digitaliza\u00e7\u00e3o):<\/strong> 1430,1 x 800,0 mm<\/li>\n<li><strong>Dist\u00e2ncia de fura\u00e7\u00e3o:<\/strong> 500 x 400 mm<\/li>\n<li><strong>Tipo de material:<\/strong> Inv\u00f3lucro met\u00e1lico<\/li>\n<li><strong>Vidro:<\/strong> Vidro temperado antirreflexo com dureza n\u00edvel 7 na escala de Mohs<\/li>\n<li><strong>Espessura do vidro:<\/strong> 3 mm<\/li>\n<li><strong>Cor do produto:<\/strong> Fundo: prata<br \/>\nTopo, esquerda, direita: preto<\/li>\n<\/ul>\n<p>&nbsp;<\/p>\n<h2><strong>Caracter\u00edsticas Ambientais<\/strong><\/h2>\n<ul>\n<li><strong>Temperatura de opera\u00e7\u00e3o:<\/strong> -10\u2103 a 45\u2103<\/li>\n<li><strong>Temperatura de armazenamento:<\/strong> -20\u2103 a 55\u2103<\/li>\n<li><strong>Umidade de opera\u00e7\u00e3o:<\/strong> 10% a 90%<\/li>\n<li><strong>Umidade de armazenamento:<\/strong> 5% a 90%<\/li>\n<\/ul>\n<p>&nbsp;<\/p>\n<h2><strong>Especifica\u00e7\u00f5es da CPU<\/strong><\/h2>\n<ul>\n<li><strong>Sistema de opera\u00e7\u00e3o:<\/strong> Android 9.0<\/li>\n<li><strong>CPU:<\/strong> Quad-core A55<\/li>\n<li><strong>RAM:<\/strong> 4GB<\/li>\n<li><strong>ROM:<\/strong> 32GB<\/li>\n<li><strong>Sistema Operacional do m\u00f3dulo externo:<\/strong> Windows 7 \/ 8 \/ 10 e 11<\/li>\n<li><strong>Wi-Fi:<\/strong> Dual-band 2.4G \/ 5G<\/li>\n<li><strong>Wi-Fi Hotspot:<\/strong> Dual-band 2.4G \/ 5G, suporta conex\u00e3o Hotspot e Wi-Fi ao mesmo tempo<\/li>\n<\/ul>\n<p>&nbsp;<\/p>\n<h3><strong>Display Interativo para Uso Corporativo<\/strong><\/h3>\n<p>O Display Interativo \u00e9 a solu\u00e7\u00e3o ideal para ambientes corporativos que buscam inova\u00e7\u00e3o e efici\u00eancia. Com uma tela de 65 polegadas, resolu\u00e7\u00e3o 4K e tecnologia DLED, proporciona uma experi\u00eancia visual envolvente e n\u00edtida para apresenta\u00e7\u00f5es, reuni\u00f5es e colabora\u00e7\u00e3o.<\/p>\n<p>Destacando-se pela sua interface intuitiva e diversidade de entradas, incluindo HDMI, USB 3.0, Wi-Fi dual-band, e muito mais, o Display Interativo oferece uma conectividade vers\u00e1til para atender \u00e0s demandas empresariais modernas.<\/p>\n<p>Al\u00e9m das caracter\u00edsticas t\u00e9cnicas avan\u00e7adas, as propriedades mec\u00e2nicas do produto, como o inv\u00f3lucro met\u00e1lico e o vidro temperado antirreflexo, garantem durabilidade e sofistica\u00e7\u00e3o ao ambiente corporativo.<\/p>\n<p>Ambientalmente consciente, o Display Interativo possui baixo consumo de energia, e suas especifica\u00e7\u00f5es ambientais permitem opera\u00e7\u00e3o em uma ampla faixa de temperatura e umidade, adaptando-se a diferentes condi\u00e7\u00f5es de escrit\u00f3rio.<\/p>\n<p>Equipado com um potente sistema operacional Android 9.0, CPU Quad-core, 4GB de RAM e 32GB de armazenamento interno, o dispositivo suporta diversas aplica\u00e7\u00f5es e promove uma experi\u00eancia de usu\u00e1rio \u00e1gil e eficiente.<\/p>\n<p>Com a capacidade de operar tamb\u00e9m com o sistema operacional Windows 7 \/ 8 \/ 10 e 11, o Display Interativo oferece versatilidade para atender \u00e0s necessidades espec\u00edficas do ambiente corporativo.<\/p>\n<p>Seja para apresenta\u00e7\u00f5es impactantes, videoconfer\u00eancias, colabora\u00e7\u00e3o em tempo real ou treinamentos interativos, o Display Interativo eleva o n\u00edvel de intera\u00e7\u00e3o e produtividade, tornando-se uma escolha essencial para empresas que valorizam a inova\u00e7\u00e3o e a efic\u00e1cia.<\/p>\n<p>Siga a B2TI nas redes sociais e fique por dentro das nossas novidades: <a href=\"https:\/\/linkedin.com\/company\/b2ti-solutions\/\" target=\"_blank\" rel=\"noopener\">LinkedIn<\/a> , <a href=\"https:\/\/facebook.com\/b2ti.solutions\/\" target=\"_blank\" rel=\"noopener\">Facebook<\/a> , <a href=\"https:\/\/instagram.com\/b2tisolutions\/\" target=\"_blank\" rel=\"noopener\">Instagram<\/a> e <a href=\"https:\/\/www.youtube.com\/@b2tisolutions930\" target=\"_blank\" rel=\"noopener\">Youtube<\/a> Nosso site: <a href=\"https:\/\/b2ti.com.br\" target=\"_blank\" rel=\"noopener\">www.b2ti.com.br<\/a><\/p>\n","protected":false},"excerpt":{"rendered":"<h1>TELA DIGITAL | INTERATIVA | TDI 7865 | INTELBRAS | ANDROID | 1950552<\/h1>\n<p>Seja para apresenta\u00e7\u00f5es impactantes, videoconfer\u00eancias, colabora\u00e7\u00e3o em tempo real ou treinamentos interativos, o Display Interativo eleva o n\u00edvel de intera\u00e7\u00e3o e produtividade, tornando-se uma escolha essencial para empresas que valorizam a inova\u00e7\u00e3o e a efic\u00e1cia<\/p>\n","protected":false},"featured_media":1454,"comment_status":"open","ping_status":"closed","template":"","meta":[],"product_brand":[163],"product_cat":[121],"product_tag":[173],"class_list":{"0":"post-1452","1":"product","2":"type-product","3":"status-publish","4":"has-post-thumbnail","6":"product_brand-intelbras","7":"product_cat-tela-digital","8":"product_tag-imagem","10":"first","11":"instock","12":"shipping-taxable","13":"product-type-simple"},"_links":{"self":[{"href":"https:\/\/b2ti.com.br\/unidades-de-negocio-e-produtos\/wp-json\/wp\/v2\/product\/1452","targetHints":{"allow":["GET"]}}],"collection":[{"href":"https:\/\/b2ti.com.br\/unidades-de-negocio-e-produtos\/wp-json\/wp\/v2\/product"}],"about":[{"href":"https:\/\/b2ti.com.br\/unidades-de-negocio-e-produtos\/wp-json\/wp\/v2\/types\/product"}],"replies":[{"embeddable":true,"href":"https:\/\/b2ti.com.br\/unidades-de-negocio-e-produtos\/wp-json\/wp\/v2\/comments?post=1452"}],"wp:featuredmedia":[{"embeddable":true,"href":"https:\/\/b2ti.com.br\/unidades-de-negocio-e-produtos\/wp-json\/wp\/v2\/media\/1454"}],"wp:attachment":[{"href":"https:\/\/b2ti.com.br\/unidades-de-negocio-e-produtos\/wp-json\/wp\/v2\/media?parent=1452"}],"wp:term":[{"taxonomy":"product_brand","embeddable":true,"href":"https:\/\/b2ti.com.br\/unidades-de-negocio-e-produtos\/wp-json\/wp\/v2\/product_brand?post=1452"},{"taxonomy":"product_cat","embeddable":true,"href":"https:\/\/b2ti.com.br\/unidades-de-negocio-e-produtos\/wp-json\/wp\/v2\/product_cat?post=1452"},{"taxonomy":"product_tag","embeddable":true,"href":"https:\/\/b2ti.com.br\/unidades-de-negocio-e-produtos\/wp-json\/wp\/v2\/product_tag?post=1452"}],"curies":[{"name":"wp","href":"https:\/\/api.w.org\/{rel}","templated":true}]}}