{"id":2110,"date":"2025-12-14T07:26:22","date_gmt":"2025-12-14T10:26:22","guid":{"rendered":"https:\/\/b2ti.com.br\/unidades-de-negocio-e-produtos\/?post_type=product&#038;p=2110"},"modified":"2025-12-14T07:46:03","modified_gmt":"2025-12-14T10:46:03","slug":"desktop-hp-hpcm-280-g9-sff-core-i5-13500-8gb-256gb-ssd-win-11-pro-pn-bt5t8atak4","status":"publish","type":"product","link":"https:\/\/b2ti.com.br\/unidades-de-negocio-e-produtos\/produto\/desktop-hp-hpcm-280-g9-sff-core-i5-13500-8gb-256gb-ssd-win-11-pro-pn-bt5t8atak4\/","title":{"rendered":"Desktop HP HPCM 280 G9 SFF Core i5-13500 8GB 256GB SSD Win 11 Pro PN: BT5T8AT#AK4"},"content":{"rendered":"<h2>Desktop HP HPCM 280 G9 SFF Core i5-13500 8GB 256GB SSD Win 11 Pro PN: BT5T8AT#AK4<\/h2>\n<p>&nbsp;<\/p>\n<ul>\n<li style=\"list-style-type: none;\">\n<ul>\n<li><strong>Descri\u00e7\u00e3o:<\/strong> Desktop HPCM 280 G9 SFF Intel Core i5-13500 8GB 256GB SSD Windows 11 Pro<\/li>\n<li><strong>Fabricante:<\/strong> HP<\/li>\n<li><strong>SKU \/ EAN:<\/strong> BT5T8AT#AK4 \/ 199251560521<\/li>\n<\/ul>\n<\/li>\n<\/ul>\n<p><!-- Performance --><\/p>\n<ul>\n<li style=\"list-style-type: none;\">\n<ul>\n<li><strong>Sistema Operacional:<\/strong> Windows 11 Pro<\/li>\n<li><strong>Processador:<\/strong> Intel\u00ae Core\u2122 i5-13500 (13\u00aa gera\u00e7\u00e3o, at\u00e9 4,8 GHz com Intel\u00ae Turbo Boost, 24MB cache L3, 14 n\u00facleos, 20 threads)<\/li>\n<li><strong>Chipset:<\/strong> Intel\u00ae H670<\/li>\n<li><strong>Mem\u00f3ria RAM:<\/strong> 8GB DDR4-3200 MT\/s (1x 8GB) &#8211; 2 slots DIMM no total<\/li>\n<li><strong>Armazenamento:<\/strong> SSD 256GB PCIe\u00ae NVMe\u2122 M.2<\/li>\n<li><strong>Gr\u00e1ficos:<\/strong> Intel\u00ae UHD Graphics 770<\/li>\n<li><strong>\u00c1udio:<\/strong> Codec Realtek ALC3867, conector universal (CTIA), suporte a multi-streaming<\/li>\n<\/ul>\n<\/li>\n<\/ul>\n<p><!-- Conectividade --><\/p>\n<ul>\n<li style=\"list-style-type: none;\">\n<ul>\n<li><strong>Conectividade Sem Fio:<\/strong> Realtek Wi-Fi 6 RTL8852BE (2&#215;2) + Bluetooth\u00ae 5.3<\/li>\n<li><strong>Portas Frontais:<\/strong> 4x USB Type-A (5Gbps), 1x combo fone\/microfone<\/li>\n<li><strong>Portas Traseiras:<\/strong> 4x USB 2.0, 1x HDMI, 1x VGA, 1x RJ-45, 1x Entrada de linha, 1x Sa\u00edda de linha, 1x Serial (opcional)<\/li>\n<li><strong>Slots de Expans\u00e3o:<\/strong> 1x PCIe 4.0 x16, 1x PCIe 3.0 x1, 2x M.2 (WLAN e Armazenamento)<\/li>\n<\/ul>\n<\/li>\n<\/ul>\n<p><!-- Design e F\u00edsico --><\/p>\n<ul>\n<li style=\"list-style-type: none;\">\n<ul>\n<li><strong>Fator de Forma:<\/strong> Pequeno (Small Form Factor &#8211; SFF)<\/li>\n<li><strong>Dimens\u00f5es:<\/strong> 9,5 x 30,3 x 27 cm<\/li>\n<li><strong>Peso:<\/strong> 4,2 kg<\/li>\n<li><strong>Perif\u00e9ricos Inclusos:<\/strong> Teclado e Mouse com fio HP 125<\/li>\n<\/ul>\n<\/li>\n<\/ul>\n<p><!-- Energia e Seguran\u00e7a --><\/p>\n<ul>\n<li style=\"list-style-type: none;\">\n<ul>\n<li><strong>Fonte de Alimenta\u00e7\u00e3o:<\/strong> Adaptador externo 180W (Certifica\u00e7\u00e3o 80 Plus\u00ae Bronze)<\/li>\n<li><strong>Seguran\u00e7a:<\/strong> TPM 2.0, Trava de seguran\u00e7a fina, Al\u00e7a para cadeado<\/li>\n<li><strong>Sustentabilidade:<\/strong> Registro EPEAT\u00ae, Certifica\u00e7\u00e3o ENERGY STAR\u00ae, 15% pl\u00e1stico reciclado p\u00f3s-consumo<\/li>\n<\/ul>\n<\/li>\n<\/ul>\n<p><!-- Outros --><\/p>\n<ul>\n<li><strong>Software Incluso:<\/strong> McAfee LiveSafe\u2122<\/li>\n<li><strong>Garantia:<\/strong> 12 Meses<\/li>\n<\/ul>\n<p>&nbsp;<\/p>\n<h3>Desempenho de Alto N\u00edvel para a Rotina Corporativa<\/h3>\n<p>O Desktop HP 280 G9 SFF foi projetado para elevar a produtividade da sua empresa. Equipado com o poderoso processador Intel\u00ae Core\u2122 i5 de 13\u00aa gera\u00e7\u00e3o (i5-13500), que conta com 14 n\u00facleos e 20 threads, esta m\u00e1quina oferece a velocidade necess\u00e1ria para multitarefas intensas, manipula\u00e7\u00e3o de planilhas complexas e execu\u00e7\u00e3o fluida de aplica\u00e7\u00f5es comerciais, garantindo que sua equipe n\u00e3o perca tempo com travamentos ou lentid\u00e3o.<\/p>\n<h3>Design Compacto que Otimiza seu Espa\u00e7o de Trabalho<\/h3>\n<p>Espa\u00e7o \u00e9 um recurso valioso em escrit\u00f3rios modernos. Com o fator de forma pequeno (Small Form Factor &#8211; SFF), o HP 280 G9 entrega pot\u00eancia de workstation em um chassi compacto que ocupa muito menos espa\u00e7o na mesa do que as torres tradicionais. Seu design inteligente permite uma configura\u00e7\u00e3o de workspace mais limpa, organizada e ergon\u00f4mica, sem sacrificar a capacidade de expans\u00e3o ou a efici\u00eancia t\u00e9rmica.<\/p>\n<h3>Agilidade e Rapidez com Armazenamento SSD<\/h3>\n<p>Diga adeus aos tempos de inicializa\u00e7\u00e3o demorados. Com 256GB de armazenamento SSD PCIe\u00ae NVMe\u2122, o sistema operacional e os aplicativos carregam em segundos. Juntamente com a mem\u00f3ria RAM DDR4 de 3200 MT\/s, este desktop oferece uma experi\u00eancia de uso \u00e1gil e responsiva, essencial para o dinamismo do dia a dia empresarial.<\/p>\n<h3>Conectividade Avan\u00e7ada e Vers\u00e1til<\/h3>\n<p>Mantenha-se conectado com o que h\u00e1 de mais moderno. O HP 280 G9 j\u00e1 vem equipado com Wi-Fi 6 e Bluetooth\u00ae 5.3, garantindo conex\u00f5es sem fio r\u00e1pidas e est\u00e1veis, ideais para videoconfer\u00eancias e ambientes com alta densidade de dispositivos. Al\u00e9m disso, sua ampla gama de portas, incluindo HDMI, VGA e m\u00faltiplas USBs, assegura compatibilidade total com monitores modernos, projetores legados e todos os perif\u00e9ricos essenciais para o seu neg\u00f3cio.<\/p>\n<h3>Seguran\u00e7a e Sistema Profissional<\/h3>\n<p>A seguran\u00e7a dos dados \u00e9 inegoci\u00e1vel. Este desktop vem com Windows 11 Pro pr\u00e9-instalado, oferecendo recursos avan\u00e7ados de gerenciamento e prote\u00e7\u00e3o de identidade que o ambiente corporativo exige. Fortalecido com TPM 2.0 (Trusted Platform Module) e slot para trava de seguran\u00e7a, o HP 280 G9 protege seu investimento e as informa\u00e7\u00f5es confidenciais da sua empresa desde o primeiro dia.<\/p>\n<p>&nbsp;<\/p>\n<p>Siga a B2TI nas redes sociais e fique por dentro das nossas novidades: <a href=\"https:\/\/linkedin.com\/company\/b2ti-solutions\/\" target=\"_blank\" rel=\"noopener\">LinkedIn<\/a> , <a href=\"https:\/\/facebook.com\/b2ti.solutions\/\" target=\"_blank\" rel=\"noopener\">Facebook<\/a> , <a href=\"https:\/\/instagram.com\/b2tisolutions\/\" target=\"_blank\" rel=\"noopener\">Instagram<\/a> e <a href=\"https:\/\/www.youtube.com\/@b2tisolutions930\" target=\"_blank\" rel=\"noopener\">Youtube<\/a> Nosso site: <a href=\"https:\/\/b2ti.com.br\" target=\"_blank\" rel=\"noopener\">www.b2ti.com.br<\/a><\/p>\n","protected":false},"excerpt":{"rendered":"<h1>| DESKTOP | HP | HPCM | 280 | G9 | SFF | 8GB | 256GB | WIN 11 | BT5T8AT#AK4 |<\/h1>\n<p>O Desktop HP 280 G9 SFF foi projetado para elevar a produtividade da sua empresa. Equipado com o poderoso processador Intel\u00ae Core\u2122 i5 de 13\u00aa gera\u00e7\u00e3o (i5-13500), que conta com 14 n\u00facleos e 20 threads.<\/p>\n","protected":false},"featured_media":2113,"comment_status":"open","ping_status":"closed","template":"","meta":[],"product_brand":[136],"product_cat":[19],"product_tag":[171,189],"class_list":{"0":"post-2110","1":"product","2":"type-product","3":"status-publish","4":"has-post-thumbnail","6":"product_brand-hp","7":"product_cat-desktop","8":"product_tag-computadores","9":"product_tag-hardware","11":"first","12":"instock","13":"shipping-taxable","14":"product-type-simple"},"_links":{"self":[{"href":"https:\/\/b2ti.com.br\/unidades-de-negocio-e-produtos\/wp-json\/wp\/v2\/product\/2110","targetHints":{"allow":["GET"]}}],"collection":[{"href":"https:\/\/b2ti.com.br\/unidades-de-negocio-e-produtos\/wp-json\/wp\/v2\/product"}],"about":[{"href":"https:\/\/b2ti.com.br\/unidades-de-negocio-e-produtos\/wp-json\/wp\/v2\/types\/product"}],"replies":[{"embeddable":true,"href":"https:\/\/b2ti.com.br\/unidades-de-negocio-e-produtos\/wp-json\/wp\/v2\/comments?post=2110"}],"wp:featuredmedia":[{"embeddable":true,"href":"https:\/\/b2ti.com.br\/unidades-de-negocio-e-produtos\/wp-json\/wp\/v2\/media\/2113"}],"wp:attachment":[{"href":"https:\/\/b2ti.com.br\/unidades-de-negocio-e-produtos\/wp-json\/wp\/v2\/media?parent=2110"}],"wp:term":[{"taxonomy":"product_brand","embeddable":true,"href":"https:\/\/b2ti.com.br\/unidades-de-negocio-e-produtos\/wp-json\/wp\/v2\/product_brand?post=2110"},{"taxonomy":"product_cat","embeddable":true,"href":"https:\/\/b2ti.com.br\/unidades-de-negocio-e-produtos\/wp-json\/wp\/v2\/product_cat?post=2110"},{"taxonomy":"product_tag","embeddable":true,"href":"https:\/\/b2ti.com.br\/unidades-de-negocio-e-produtos\/wp-json\/wp\/v2\/product_tag?post=2110"}],"curies":[{"name":"wp","href":"https:\/\/api.w.org\/{rel}","templated":true}]}}