{"id":2120,"date":"2025-12-14T09:43:29","date_gmt":"2025-12-14T12:43:29","guid":{"rendered":"https:\/\/b2ti.com.br\/unidades-de-negocio-e-produtos\/?post_type=product&#038;p=2120"},"modified":"2025-12-14T09:54:47","modified_gmt":"2025-12-14T12:54:47","slug":"desktop-hp-280-g9-sff-i7-16gb-512gb-ssd-win-11-pro-pn-957l5laak4","status":"publish","type":"product","link":"https:\/\/b2ti.com.br\/unidades-de-negocio-e-produtos\/produto\/desktop-hp-280-g9-sff-i7-16gb-512gb-ssd-win-11-pro-pn-957l5laak4\/","title":{"rendered":"Desktop HP 280 G9 SFF i7 16GB 512GB SSD Win 11 Pro PN: 957L5LA#AK4"},"content":{"rendered":"<h2>Desktop HP 280 G9 SFF i7 16GB 512GB SSD Win 11 Pro PN: 957L5LA#AK4<\/h2>\n<p>&nbsp;<\/p>\n<ul>\n<li><strong>Descri\u00e7\u00e3o:<\/strong> Desktop HP 280 G9 SFF Intel Core i7-13700 16GB 512GB SSD Windows 11 Pro<\/li>\n<li><strong>Fabricante:<\/strong> HP<\/li>\n<li><strong>SKU:<\/strong> 957L5LA#AK4<\/li>\n<p>    <!-- Performance --><\/p>\n<li><strong>Sistema Operacional:<\/strong> Windows 11 Pro<\/li>\n<li><strong>Processador:<\/strong> Intel\u00ae Core\u2122 i7-13700 (13\u00aa gera\u00e7\u00e3o, at\u00e9 5,2 GHz com Intel\u00ae Turbo Boost, 30 MB cache L3, 16 n\u00facleos, 24 threads)<\/li>\n<li><strong>Chipset:<\/strong> Intel\u00ae H670<\/li>\n<li><strong>Mem\u00f3ria RAM:<\/strong> 16 GB DDR4-3200 MT\/s (1 x 16 GB) &#8211; 2 slots DIMM<\/li>\n<li><strong>Armazenamento:<\/strong> SSD 512 GB PCIe\u00ae NVMe\u2122 M.2<\/li>\n<li><strong>Gr\u00e1ficos:<\/strong> Intel\u00ae UHD Graphics 770<\/li>\n<li><strong>\u00c1udio:<\/strong> Codec Realtek ALC3867, conector universal (CTIA), portas traseiras de \u00e1udio (3,5 mm)<\/li>\n<p>    <!-- Conectividade --><\/p>\n<li><strong>Conectividade Sem Fio:<\/strong> Realtek Wi-Fi 6 RTL8852BE (2&#215;2) + Bluetooth\u00ae 5.3<\/li>\n<li><strong>Portas Frontais:<\/strong> 4x USB Type-A (5Gbps), 1x combo fone\/microfone<\/li>\n<li><strong>Portas Traseiras:<\/strong> 4x USB 2.0 Type-A, 1x HDMI, 1x VGA, 1x RJ-45, 1x Entrada de linha, 1x Sa\u00edda de linha, 1x Serial (opcional)<\/li>\n<li><strong>Slots de Expans\u00e3o:<\/strong> 1x PCIe 4.0 x16, 1x PCIe 3.0 x1, 2x M.2 (1 para WLAN, 1 para armazenamento)<\/li>\n<li><strong>Ba\u00edas Internas:<\/strong> 1x baia para HD de 3,5&#8243;<\/li>\n<p>    <!-- Design e F\u00edsico --><\/p>\n<li><strong>Fator de Forma:<\/strong> Pequeno (Small Form Factor &#8211; SFF)<\/li>\n<li><strong>Dimens\u00f5es:<\/strong> 9,5 x 30,3 x 27 cm<\/li>\n<li><strong>Peso:<\/strong> 4,2 kg<\/li>\n<li><strong>Perif\u00e9ricos Inclusos:<\/strong> Teclado e Mouse com fio HP 125<\/li>\n<p>    <!-- Energia e Seguran\u00e7a --><\/p>\n<li><strong>Fonte de Alimenta\u00e7\u00e3o:<\/strong> Adaptador externo CA 180W (80 Plus\u00ae Bronze)<\/li>\n<li><strong>Seguran\u00e7a:<\/strong> TPM 2.0, Trava de seguran\u00e7a fina, Al\u00e7a para cadeado<\/li>\n<li><strong>Sustentabilidade:<\/strong> Registro EPEAT\u00ae, Certifica\u00e7\u00e3o ENERGY STAR\u00ae, 15% pl\u00e1stico reciclado p\u00f3s-consumo<\/li>\n<p>    <!-- Outros --><\/p>\n<li><strong>Software Incluso:<\/strong> McAfee LiveSafe\u2122<\/li>\n<li><strong>Garantia:<\/strong> 1 Ano (Pe\u00e7as, m\u00e3o de obra e reparo no local)<\/li>\n<\/ul>\n<p>&nbsp;<\/p>\n<h3>Desempenho de Elite para Demandas Complexas<\/h3>\n<p>O Desktop HP 280 G9 SFF foi configurado para superar expectativas em ambientes corporativos de alto desempenho. Impulsionado pelo processador Intel\u00ae Core\u2122 i7-13700 de 13\u00aa gera\u00e7\u00e3o, com impressionantes 16 n\u00facleos e 24 threads, esta m\u00e1quina \u00e9 uma verdadeira central de for\u00e7a. \u00c9 ideal para profissionais que lidam com an\u00e1lise de dados pesada, virtualiza\u00e7\u00e3o, softwares de engenharia ou multitarefas intensivas, garantindo que a produtividade nunca seja interrompida por falta de processamento.<\/p>\n<h3>Multitarefa Fluida e Armazenamento Generoso<\/h3>\n<p>Diferente de desktops de entrada, este modelo j\u00e1 vem equipado com 16 GB de mem\u00f3ria RAM DDR4, permitindo que voc\u00ea mantenha diversas aplica\u00e7\u00f5es pesadas abertas simultaneamente sem engasgos. Aliado a isso, o SSD NVMe\u2122 de 512 GB oferece n\u00e3o apenas o dobro de espa\u00e7o em compara\u00e7\u00e3o aos modelos padr\u00e3o, mas tamb\u00e9m velocidades extremas de leitura e grava\u00e7\u00e3o. O sistema inicia em segundos e seus arquivos essenciais est\u00e3o sempre prontos para acesso imediato.<\/p>\n<h3>Design Compacto e Profissional (SFF)<\/h3>\n<p>Maximize o espa\u00e7o do seu escrit\u00f3rio sem comprometer a pot\u00eancia. O formato &#8220;Small Form Factor&#8221; (SFF) do HP 280 G9 ocupa uma \u00e1rea significativamente menor que as torres tradicionais, permitindo configura\u00e7\u00f5es de mesa mais limpas e organizadas. Seu design s\u00f3brio e moderno transmite profissionalismo, integrando-se perfeitamente a qualquer ambiente de neg\u00f3cios, desde recep\u00e7\u00f5es at\u00e9 salas de diretoria.<\/p>\n<h3>Conectividade H\u00edbrida e Avan\u00e7ada<\/h3>\n<p>Este desktop est\u00e1 preparado para a realidade do trabalho h\u00edbrido e moderno. Com a placa Realtek Wi-Fi 6 e Bluetooth\u00ae 5.3, sua equipe desfruta de conex\u00f5es sem fio r\u00e1pidas e est\u00e1veis, livres de cabos de rede se necess\u00e1rio. Simultaneamente, a vasta gama de portas f\u00edsicas \u2014 incluindo HDMI, VGA e m\u00faltiplas USBs \u2014 assegura compatibilidade total tanto com monitores e projetores legados quanto com perif\u00e9ricos de \u00faltima gera\u00e7\u00e3o.<\/p>\n<h3>Seguran\u00e7a Robusta e Investimento Inteligente<\/h3>\n<p>Proteja os ativos mais valiosos da sua empresa: seus dados. O HP 280 G9 vem com Windows 11 Pro, oferecendo recursos de seguran\u00e7a de n\u00edvel empresarial e facilidade de gerenciamento de TI. Equipado com chip de seguran\u00e7a TPM 2.0 e slots para travas f\u00edsicas, este equipamento oferece tranquilidade e conformidade, representando um investimento dur\u00e1vel e seguro para o ciclo de vida tecnol\u00f3gico da sua organiza\u00e7\u00e3o.<\/p>\n<p>&nbsp;<\/p>\n<p>Siga a B2TI nas redes sociais e fique por dentro das nossas novidades: <a href=\"https:\/\/linkedin.com\/company\/b2ti-solutions\/\" target=\"_blank\" rel=\"noopener\">LinkedIn<\/a> , <a href=\"https:\/\/facebook.com\/b2ti.solutions\/\" target=\"_blank\" rel=\"noopener\">Facebook<\/a> , <a href=\"https:\/\/instagram.com\/b2tisolutions\/\" target=\"_blank\" rel=\"noopener\">Instagram<\/a> e <a href=\"https:\/\/www.youtube.com\/@b2tisolutions930\" target=\"_blank\" rel=\"noopener\">Youtube<\/a> Nosso site: <a href=\"https:\/\/b2ti.com.br\" target=\"_blank\" rel=\"noopener\">www.b2ti.com.br<\/a><\/p>\n","protected":false},"excerpt":{"rendered":"<h1>| DESKTOP | HP | 280 | G9 | SFF | 16GB | 512GB | WIN 11 | 957L5LA#AK4 |<\/h1>\n<p>O Desktop HP 280 G9 SFF foi configurado para superar expectativas em ambientes corporativos de alto desempenho. Impulsionado pelo processador Intel\u00ae Core\u2122 i7-13700 de 13\u00aa gera\u00e7\u00e3o, com impressionantes 16 n\u00facleos e 24 threads, esta m\u00e1quina \u00e9 uma verdadeira central de for\u00e7a. \u00c9 ideal para profissionais que lidam com an\u00e1lise de dados pesada, virtualiza\u00e7\u00e3o, softwares de engenharia ou multitarefas intensivas, garantindo que a produtividade nunca seja interrompida por falta de processamento.<\/p>\n","protected":false},"featured_media":2113,"comment_status":"open","ping_status":"closed","template":"","meta":[],"product_brand":[136],"product_cat":[19],"product_tag":[171,189],"class_list":{"0":"post-2120","1":"product","2":"type-product","3":"status-publish","4":"has-post-thumbnail","6":"product_brand-hp","7":"product_cat-desktop","8":"product_tag-computadores","9":"product_tag-hardware","11":"first","12":"instock","13":"shipping-taxable","14":"product-type-simple"},"_links":{"self":[{"href":"https:\/\/b2ti.com.br\/unidades-de-negocio-e-produtos\/wp-json\/wp\/v2\/product\/2120","targetHints":{"allow":["GET"]}}],"collection":[{"href":"https:\/\/b2ti.com.br\/unidades-de-negocio-e-produtos\/wp-json\/wp\/v2\/product"}],"about":[{"href":"https:\/\/b2ti.com.br\/unidades-de-negocio-e-produtos\/wp-json\/wp\/v2\/types\/product"}],"replies":[{"embeddable":true,"href":"https:\/\/b2ti.com.br\/unidades-de-negocio-e-produtos\/wp-json\/wp\/v2\/comments?post=2120"}],"wp:featuredmedia":[{"embeddable":true,"href":"https:\/\/b2ti.com.br\/unidades-de-negocio-e-produtos\/wp-json\/wp\/v2\/media\/2113"}],"wp:attachment":[{"href":"https:\/\/b2ti.com.br\/unidades-de-negocio-e-produtos\/wp-json\/wp\/v2\/media?parent=2120"}],"wp:term":[{"taxonomy":"product_brand","embeddable":true,"href":"https:\/\/b2ti.com.br\/unidades-de-negocio-e-produtos\/wp-json\/wp\/v2\/product_brand?post=2120"},{"taxonomy":"product_cat","embeddable":true,"href":"https:\/\/b2ti.com.br\/unidades-de-negocio-e-produtos\/wp-json\/wp\/v2\/product_cat?post=2120"},{"taxonomy":"product_tag","embeddable":true,"href":"https:\/\/b2ti.com.br\/unidades-de-negocio-e-produtos\/wp-json\/wp\/v2\/product_tag?post=2120"}],"curies":[{"name":"wp","href":"https:\/\/api.w.org\/{rel}","templated":true}]}}