{"id":2194,"date":"2025-12-15T14:08:21","date_gmt":"2025-12-15T17:08:21","guid":{"rendered":"https:\/\/b2ti.com.br\/unidades-de-negocio-e-produtos\/?post_type=product&#038;p=2194"},"modified":"2025-12-15T14:43:30","modified_gmt":"2025-12-15T17:43:30","slug":"notebook-dell-csg-latitude-5450-core-ultra-7-165u-16gb-512gb-ssd-win-11-pro-pn-210-bmpr-003m","status":"publish","type":"product","link":"https:\/\/b2ti.com.br\/unidades-de-negocio-e-produtos\/produto\/notebook-dell-csg-latitude-5450-core-ultra-7-165u-16gb-512gb-ssd-win-11-pro-pn-210-bmpr-003m\/","title":{"rendered":"Notebook Dell CSG Latitude 5450 Core Ultra 7 165U 16GB 512GB SSD Win 11 Pro PN: 210-BMPR-003M"},"content":{"rendered":"<h2>Notebook Dell CSG Latitude 5450 Core Ultra 7 165U 16GB 512GB SSD Win 11 Pro PN: 210-BMPR-003M<\/h2>\n<p>&nbsp;<\/p>\n<ul>\n<li><strong>Descri\u00e7\u00e3o:<\/strong> Notebook CSG Latitude 5450 Intel Core Ultra 7 165U 16GB 512GB SSD Windows 11 Pro<\/li>\n<li><strong>Fabricante:<\/strong> Dell<\/li>\n<li><strong>SKU:<\/strong> 210-BMPR-003M<\/li>\n<p>    <!-- Performance --><\/p>\n<li><strong>Processador:<\/strong> Intel\u00ae Core\u2122 Ultra 7 165U vPro\u00ae (12 n\u00facleos, Cache de 12MB, at\u00e9 4.9GHz Turbo) &#8211; Desempenho superior e IA<\/li>\n<li><strong>Sistema Operacional:<\/strong> Windows 11 Pro<\/li>\n<li><strong>Mem\u00f3ria RAM:<\/strong> 16GB DDR5 5600MT\/s (Alta velocidade)<\/li>\n<li><strong>Armazenamento:<\/strong> SSD 512GB PCIe NVMe M.2<\/li>\n<p>    <!-- Tela e Colabora\u00e7\u00e3o --><\/p>\n<li><strong>Tela:<\/strong> 14&#8243; Full HD (1920 x 1080) IPS, Antirreflexo, 250 nits<\/li>\n<li><strong>C\u00e2mera:<\/strong> Webcam FHD + IR (Infravermelho) com reconhecimento facial<\/li>\n<li><strong>\u00c1udio:<\/strong> Entrada universal e alto-falantes otimizados<\/li>\n<p>    <!-- Conectividade --><\/p>\n<li><strong>Conectividade Sem Fio:<\/strong> Intel\u00ae Wi-Fi 6E AX211 + Bluetooth\u00ae 5.3<\/li>\n<li><strong>Portas Thunderbolt:<\/strong> 2x USB-C Thunderbolt\u2122 4.0 (Power Delivery e DisplayPort)<\/li>\n<li><strong>Portas Adicionais:<\/strong><br \/>\n        1x HDMI 2.1,<br \/>\n        1x RJ-45 (Rede Gigabit),<br \/>\n        1x USB-A 3.2 Gen 1 (com PowerShare),<br \/>\n        1x USB-A 3.2 Gen 1\n    <\/li>\n<p>    <!-- Usabilidade e Seguran\u00e7a --><\/p>\n<li><strong>Teclado:<\/strong> Retroiluminado com tecla dedicada Copilot<\/li>\n<li><strong>Seguran\u00e7a:<\/strong> Plataforma Intel vPro\u00ae Enterprise, Slot de trava Wedge<\/li>\n<li><strong>Bateria:<\/strong> 3 c\u00e9lulas, compat\u00edvel com ExpressCharge<\/li>\n<p>    <!-- F\u00edsico --><\/p>\n<li><strong>Dimens\u00f5es:<\/strong> 32,13 cm (L) x 21,2 cm (P) x 1,90~2,10 cm (A)<\/li>\n<li><strong>Peso Inicial:<\/strong> 1,40 kg<\/li>\n<li><strong>Garantia:<\/strong> 12 Meses<\/li>\n<\/ul>\n<p>&nbsp;<\/p>\n<h3>Performance Executiva com Intel\u00ae Core\u2122 Ultra 7<\/h3>\n<p>O Dell Latitude 5450 nesta configura\u00e7\u00e3o foi projetado para lideran\u00e7as e profissionais que exigem o m\u00e1ximo de seus equipamentos. Impulsionado pelo processador Intel\u00ae Core\u2122 Ultra 7 165U vPro\u00ae, que atinge at\u00e9 4.9GHz, este notebook entrega uma capacidade de resposta excepcional para softwares pesados, an\u00e1lise de dados complexos e multitarefas intensivas. A arquitetura h\u00edbrida de 12 n\u00facleos garante que o desempenho esteja sempre dispon\u00edvel quando voc\u00ea mais precisa, sem comprometer a efici\u00eancia energ\u00e9tica.<\/p>\n<h3>Intelig\u00eancia Artificial Integrada ao Hardware<\/h3>\n<p>Esteja \u00e0 frente da curva tecnol\u00f3gica. O processador Core Ultra traz uma NPU (Unidade de Processamento Neural) dedicada, habilitando recursos avan\u00e7ados de Intelig\u00eancia Artificial diretamente no dispositivo. Isso melhora o desempenho em videoconfer\u00eancias (desfoque de fundo, supress\u00e3o de ru\u00eddo), otimiza a bateria e acelera o uso do Microsoft Copilot, que possui uma tecla de acesso r\u00e1pido exclusiva no teclado retroiluminado.<\/p>\n<h3>Seguran\u00e7a e Gerenciamento vPro\u00ae Enterprise<\/h3>\n<p>Para o departamento de TI, o Latitude 5450 \u00e9 sin\u00f4nimo de tranquilidade. Equipado com a plataforma Intel vPro\u00ae, ele oferece ferramentas robustas de gerenciamento remoto, estabilidade de imagem e seguran\u00e7a baseada em hardware. Juntamente com o Windows 11 Pro e a c\u00e2mera infravermelha (IR) para login seguro via reconhecimento facial, este notebook blinda os dados sens\u00edveis da sua corpora\u00e7\u00e3o contra amea\u00e7as modernas.<\/p>\n<h3>Conectividade Thunderbolt\u2122 4: O Poder do Docking<\/h3>\n<p>A versatilidade \u00e9 fundamental no escrit\u00f3rio moderno. Com duas portas Thunderbolt\u2122 4.0, este notebook permite transfer\u00eancias de dados ultra-r\u00e1pidas e a conex\u00e3o simplificada a esta\u00e7\u00f5es de acoplamento (docks). Voc\u00ea pode conectar m\u00faltiplos monitores 4K e todos os seus perif\u00e9ricos usando apenas um cabo, transformando seu notebook port\u00e1til em uma workstation completa em segundos. Portas legadas como HDMI 2.1 e RJ-45 garantem que voc\u00ea nunca precise de dongles para apresenta\u00e7\u00f5es ou redes cabeadas.<\/p>\n<h3>Mobilidade Premium e Durabilidade<\/h3>\n<p>Pot\u00eancia n\u00e3o significa peso extra. Com apenas 1,40 kg e um design compacto de 14 polegadas, o Latitude 5450 \u00e9 f\u00e1cil de transportar entre reuni\u00f5es, viagens e home office. A tela IPS Full HD com antirreflexo oferece conforto visual prolongado, enquanto a bateria com ExpressCharge garante que voc\u00ea recupere a carga rapidamente durante breves intervalos, mantendo a produtividade em alta durante todo o dia.<\/p>\n<p>&nbsp;<\/p>\n<p>Siga a B2TI nas redes sociais e fique por dentro das nossas novidades: <a href=\"https:\/\/linkedin.com\/company\/b2ti-solutions\/\" target=\"_blank\" rel=\"noopener\">LinkedIn<\/a> , <a href=\"https:\/\/facebook.com\/b2ti.solutions\/\" target=\"_blank\" rel=\"noopener\">Facebook<\/a> , <a href=\"https:\/\/instagram.com\/b2tisolutions\/\" target=\"_blank\" rel=\"noopener\">Instagram<\/a> e <a href=\"https:\/\/www.youtube.com\/@b2tisolutions930\" target=\"_blank\" rel=\"noopener\">Youtube<\/a> Nosso site: <a href=\"https:\/\/b2ti.com.br\" target=\"_blank\" rel=\"noopener\">www.b2ti.com.br<\/a><\/p>\n","protected":false},"excerpt":{"rendered":"<h1>| NOTEBOOK | DELL | CSG | LATITUDE | 5450 | CORE ULTRA 7 | 16GB | 512GB SSD | WIN 11 PRO | 210-BMPR-003M |<\/h1>\n<p>O Dell Latitude 5450 nesta configura\u00e7\u00e3o foi projetado para lideran\u00e7as e profissionais que exigem o m\u00e1ximo de seus equipamentos. Impulsionado pelo processador Intel\u00ae Core\u2122 Ultra 7 165U vPro\u00ae, que atinge at\u00e9 4.9GHz, este notebook entrega uma capacidade de resposta excepcional para softwares pesados, an\u00e1lise de dados complexos e multitarefas intensivas. A arquitetura h\u00edbrida de 12 n\u00facleos garante que o desempenho esteja sempre dispon\u00edvel quando voc\u00ea mais precisa, sem comprometer a efici\u00eancia energ\u00e9tica.<\/p>\n","protected":false},"featured_media":2190,"comment_status":"open","ping_status":"closed","template":"","meta":[],"product_brand":[150],"product_cat":[20],"product_tag":[171,189],"class_list":{"0":"post-2194","1":"product","2":"type-product","3":"status-publish","4":"has-post-thumbnail","6":"product_brand-dell","7":"product_cat-notebook","8":"product_tag-computadores","9":"product_tag-hardware","11":"first","12":"instock","13":"shipping-taxable","14":"product-type-simple"},"_links":{"self":[{"href":"https:\/\/b2ti.com.br\/unidades-de-negocio-e-produtos\/wp-json\/wp\/v2\/product\/2194","targetHints":{"allow":["GET"]}}],"collection":[{"href":"https:\/\/b2ti.com.br\/unidades-de-negocio-e-produtos\/wp-json\/wp\/v2\/product"}],"about":[{"href":"https:\/\/b2ti.com.br\/unidades-de-negocio-e-produtos\/wp-json\/wp\/v2\/types\/product"}],"replies":[{"embeddable":true,"href":"https:\/\/b2ti.com.br\/unidades-de-negocio-e-produtos\/wp-json\/wp\/v2\/comments?post=2194"}],"wp:featuredmedia":[{"embeddable":true,"href":"https:\/\/b2ti.com.br\/unidades-de-negocio-e-produtos\/wp-json\/wp\/v2\/media\/2190"}],"wp:attachment":[{"href":"https:\/\/b2ti.com.br\/unidades-de-negocio-e-produtos\/wp-json\/wp\/v2\/media?parent=2194"}],"wp:term":[{"taxonomy":"product_brand","embeddable":true,"href":"https:\/\/b2ti.com.br\/unidades-de-negocio-e-produtos\/wp-json\/wp\/v2\/product_brand?post=2194"},{"taxonomy":"product_cat","embeddable":true,"href":"https:\/\/b2ti.com.br\/unidades-de-negocio-e-produtos\/wp-json\/wp\/v2\/product_cat?post=2194"},{"taxonomy":"product_tag","embeddable":true,"href":"https:\/\/b2ti.com.br\/unidades-de-negocio-e-produtos\/wp-json\/wp\/v2\/product_tag?post=2194"}],"curies":[{"name":"wp","href":"https:\/\/api.w.org\/{rel}","templated":true}]}}