{"id":502,"date":"2022-12-01T11:45:55","date_gmt":"2022-12-01T14:45:55","guid":{"rendered":"https:\/\/b2ti.com.br\/unidades-de-negocio-e-produtos\/?post_type=product&#038;p=502"},"modified":"2025-09-02T11:16:03","modified_gmt":"2025-09-02T14:16:03","slug":"2200-86260-212","status":"publish","type":"product","link":"https:\/\/b2ti.com.br\/unidades-de-negocio-e-produtos\/produto\/2200-86260-212\/","title":{"rendered":"Poly Studio VC X30 com TC8 PN: 2200-86260-212"},"content":{"rendered":"<h1>POLY STUDIO VC X30 &#8211; 2200-86260-212<\/h1>\n<h2>DESCRI\u00c7\u00c3O DO PRODUTO<\/h2>\n<ul>\n<li>Poly Studio X30<\/li>\n<li><strong>PN:<\/strong><\/li>\n<li>Cable bundle<\/li>\n<li>Monitor clamp<\/li>\n<li>Privacy cover<\/li>\n<li>H.264 AVC, H.264 High Profile, H.265, H.239<\/li>\n<\/ul>\n<p>&nbsp;<\/p>\n<h3>V\u00cdDEO INPUT<\/h3>\n<ul>\n<li>1x HDMI<\/li>\n<\/ul>\n<p>&nbsp;<\/p>\n<h3>V\u00cdDEO OUT<\/h3>\n<ul>\n<li>1x HDMI<\/li>\n<li>Touch display compatible<\/li>\n<\/ul>\n<p>&nbsp;<\/p>\n<h3>PEOPLE V\u00cdDEO RESOLUTION<\/h3>\n<ul>\n<li>4K, 30 fps (TX and RX) from 2048 Kbps<\/li>\n<li>1080p, 60 fps from 1740 Kbps<\/li>\n<li>1080p, 30 fps from 1024 Kbps<\/li>\n<li>720p, 60 fps from 832 Kbps<\/li>\n<li>720p, 30 fps from 512 Kbps<\/li>\n<\/ul>\n<p>&nbsp;<\/p>\n<h3>CONTENT VIDEO RESOLUTION<\/h3>\n<ul>\n<li>UHD (3840 x 2160)<\/li>\n<li>HD (1920 x 1080p)<\/li>\n<li>WSXGA+ (1680 x 1050)<\/li>\n<li>UXGA (1600 x 1200)<\/li>\n<li>SXGA (1280 x 1024)<\/li>\n<li>WXGA (1280 x 768)<\/li>\n<li>HD (1280 x 720p)<\/li>\n<li>XGA (1024 x 768)<\/li>\n<li>SVGA (800 x 600)<\/li>\n<\/ul>\n<p>&nbsp;<\/p>\n<h3>OUTPUT<\/h3>\n<ul>\n<li>UHD (3840 x 2160)<\/li>\n<li>WUXGA (1920 x 1200)<\/li>\n<li>HD (1920 x 1080)<\/li>\n<li>WSXGA+ (1680 x 1050)<\/li>\n<li>SXGA+ (1400 x 1050)<\/li>\n<li>SXGA (1280 x 1024)<\/li>\n<li>HD (1280 x 720)<\/li>\n<li>XGA (1024 x 768)<\/li>\n<li>Content frame rate<\/li>\n<li>5\u201360 fps (up to 4K resolution at 15 fps in call)<\/li>\n<\/ul>\n<p>&nbsp;<\/p>\n<h3>CAM\u00caRA<\/h3>\n<ul>\n<li style=\"list-style-type: none;\">\n<ul>\n<li>Presenter Mode<\/li>\n<li>5x digital zoom<\/li>\n<li>121\u00b0 DFOV, 110\u00b0 HFOV<\/li>\n<li>UHD 2160p (4K) capture resolution<\/li>\n<\/ul>\n<\/li>\n<\/ul>\n<p>x<\/p>\n<ul>\n<li>Automatic group framing<\/li>\n<li>Automatic speaker framing<\/li>\n<\/ul>\n<p>&nbsp;<\/p>\n<h3>MICROPHONES<\/h3>\n<ul>\n<li>Four MEMS microphones<\/li>\n<li>Up to 15 ft of microphone pickup range<\/li>\n<\/ul>\n<p>&nbsp;<\/p>\n<h3>AUDIO OUTPUT<\/h3>\n<ul>\n<li>1x HDMI<\/li>\n<li>Single speaker<\/li>\n<li>Power Handling (RMS) 3W<\/li>\n<li>Power Handling (MAX) 5W<\/li>\n<li>Sensitivity 80dB<\/li>\n<\/ul>\n<p>&nbsp;<\/p>\n<h3>OTHER INTERFACES<\/h3>\n<ul>\n<li>\u2022 1x USB-A (3.0)<\/li>\n<li>\u2022 1x USB-C<\/li>\n<li>\u2022 Bluetooth 5.0**<\/li>\n<li>\u2022 WiFi 802.11a\/b\/g\/n\/ac (MIMO)<\/li>\n<li>Multi-channel Concurrency**<\/li>\n<\/ul>\n<p>&nbsp;<\/p>\n<h3>AUDIO STANDARDS AND PROTOCOLS<\/h3>\n<ul>\n<li>\u2022 22 kHz bandwidth with Polycom Siren 22 technology<\/li>\n<li>\u2022 20 kHz bandwidth with G.719 (M- Mode) and Polycom Siren 22 technology<\/li>\n<li>\u2022 14 kHz bandwidth with Polycom Siren 14 technology, G.722.1 Annex C<\/li>\n<li>\u2022 7 kHz bandwidth with G.722, G.722.1<\/li>\n<li>\u2022 3.4 kHz bandwidth with G.711,<br \/>\nG.728, G.729A<\/li>\n<\/ul>\n<p>&nbsp;<\/p>\n<h3>NETWORK<\/h3>\n<ul>\n<li>\u2022 IPv4<\/li>\n<li>\u2022 IPv6<\/li>\n<li>\u2022 1x 10\/100\/1G Ethernet<\/li>\n<li>\u2022 Auto-MDIX<\/li>\n<li>\u2022 H.323 and\/or SIP up to 6 Mbps in Poly App video mode<\/li>\n<li>\u2022 Polycom Lost Packet Recovery (LPR) technology<\/li>\n<li>\u2022 Dynamic bandwidth allocation<\/li>\n<li>\u2022 Reconfigurable MTU size<\/li>\n<li>\u2022 Web proxy support\u2014basic, digest, and NTLM<\/li>\n<\/ul>\n<h3>Reuni\u00f5es de qualidade profissional<\/h3>\n<p>O Poly Studio VC X30 \u00e9 uma solu\u00e7\u00e3o completa de videoconfer\u00eancia, ideal para salas pequenas e m\u00e9dias. Com c\u00e2mera 4K e som cristalino, as reuni\u00f5es se tornam ainda mais produtivas e eficientes. O equipamento vem com tudo o que \u00e9 necess\u00e1rio para uma videoconfer\u00eancia de qualidade profissional, incluindo uma c\u00e2mera, um microfone e alto-falantes.<\/p>\n<h3>Imagem de alta qualidade<\/h3>\n<p>A c\u00e2mera do Poly Studio VC X30 conta com resolu\u00e7\u00e3o 4K, o que garante uma imagem de alta qualidade, n\u00edtida e detalhada. Al\u00e9m disso, a c\u00e2mera \u00e9 equipada com um campo de vis\u00e3o de 120 graus, o que permite que todos os participantes da reuni\u00e3o sejam vistos com clareza, sem necessidade de movimentar a c\u00e2mera.<\/p>\n<h3>Som cristalino<\/h3>\n<p>O Poly Studio VC X30 vem equipado com microfones de alta qualidade, que captam o som com nitidez e clareza. Al\u00e9m disso, os alto-falantes produzem um som cristalino e envolvente, que proporciona uma experi\u00eancia de comunica\u00e7\u00e3o mais natural e imersiva. Isso garante que todos os participantes da reuni\u00e3o possam ouvir e ser ouvidos com clareza.<\/p>\n<h3>F\u00e1cil instala\u00e7\u00e3o<\/h3>\n<p>O Poly Studio VC X30 \u00e9 f\u00e1cil de instalar e configurar. Com apenas alguns cliques, o equipamento est\u00e1 pronto para ser usado. O equipamento vem com todos os cabos necess\u00e1rios para a conex\u00e3o com a TV ou monitor, al\u00e9m de um controle remoto intuitivo que permite ajustar a imagem e o som da videoconfer\u00eancia.<\/p>\n<p>Siga a B2TI nas redes sociais e fique por dentro das nossas novidades: <a href=\"https:\/\/linkedin.com\/company\/b2ti-solutions\/\" target=\"_blank\" rel=\"noopener\">LinkedIn<\/a> , <a href=\"https:\/\/facebook.com\/b2ti.solutions\/\" target=\"_blank\" rel=\"noopener\">Facebook<\/a> , <a href=\"https:\/\/instagram.com\/b2tisolutions\/\" target=\"_blank\" rel=\"noopener\">Instagram<\/a> e <a href=\"https:\/\/www.youtube.com\/@b2tisolutions930\" target=\"_blank\" rel=\"noopener\">Youtube<\/a> Nosso site: <a href=\"https:\/\/b2ti.com.br\" target=\"_blank\" rel=\"noopener\">www.b2ti.com.br<\/a><\/p>\n<p>2200-86260-212<\/p>\n","protected":false},"excerpt":{"rendered":"<h1>POLY STUDIO | X30 | 5x DIGITAL ZOOM | HD (1920 x 1080p) | 4K | 30 FPS | 2048 Kbps | 2200-86260-212<\/h1>\n<p>O Sistema Poly Studio VC X30 \u00c9 radicalmente simples de usar, com suporte para os principais servi\u00e7os de v\u00eddeo em nuvem integrados, sem a necessidade de PC ou Mac. As vozes s\u00e3o n\u00edtidas e claras. E o compartilhamento de conte\u00fado sem fio permite que os usu\u00e1rios colaborem usando seus dispositivos sem a necessidade de cabos ou discos.<\/p>\n","protected":false},"featured_media":506,"comment_status":"open","ping_status":"closed","template":"","meta":[],"product_brand":[144],"product_cat":[83],"product_tag":[177,176],"class_list":{"0":"post-502","1":"product","2":"type-product","3":"status-publish","4":"has-post-thumbnail","6":"product_brand-poly","7":"product_cat-videoconferencia","8":"product_tag-audio","9":"product_tag-comunicacao-empresarial","11":"first","12":"instock","13":"shipping-taxable","14":"product-type-simple"},"_links":{"self":[{"href":"https:\/\/b2ti.com.br\/unidades-de-negocio-e-produtos\/wp-json\/wp\/v2\/product\/502","targetHints":{"allow":["GET"]}}],"collection":[{"href":"https:\/\/b2ti.com.br\/unidades-de-negocio-e-produtos\/wp-json\/wp\/v2\/product"}],"about":[{"href":"https:\/\/b2ti.com.br\/unidades-de-negocio-e-produtos\/wp-json\/wp\/v2\/types\/product"}],"replies":[{"embeddable":true,"href":"https:\/\/b2ti.com.br\/unidades-de-negocio-e-produtos\/wp-json\/wp\/v2\/comments?post=502"}],"wp:featuredmedia":[{"embeddable":true,"href":"https:\/\/b2ti.com.br\/unidades-de-negocio-e-produtos\/wp-json\/wp\/v2\/media\/506"}],"wp:attachment":[{"href":"https:\/\/b2ti.com.br\/unidades-de-negocio-e-produtos\/wp-json\/wp\/v2\/media?parent=502"}],"wp:term":[{"taxonomy":"product_brand","embeddable":true,"href":"https:\/\/b2ti.com.br\/unidades-de-negocio-e-produtos\/wp-json\/wp\/v2\/product_brand?post=502"},{"taxonomy":"product_cat","embeddable":true,"href":"https:\/\/b2ti.com.br\/unidades-de-negocio-e-produtos\/wp-json\/wp\/v2\/product_cat?post=502"},{"taxonomy":"product_tag","embeddable":true,"href":"https:\/\/b2ti.com.br\/unidades-de-negocio-e-produtos\/wp-json\/wp\/v2\/product_tag?post=502"}],"curies":[{"name":"wp","href":"https:\/\/api.w.org\/{rel}","templated":true}]}}