{"id":550,"date":"2022-12-06T10:40:03","date_gmt":"2022-12-06T13:40:03","guid":{"rendered":"https:\/\/b2ti.com.br\/unidades-de-negocio-e-produtos\/?post_type=product&#038;p=550"},"modified":"2025-08-29T13:41:56","modified_gmt":"2025-08-29T16:41:56","slug":"1473917i-scanmate-i940","status":"publish","type":"product","link":"https:\/\/b2ti.com.br\/unidades-de-negocio-e-produtos\/produto\/1473917i-scanmate-i940\/","title":{"rendered":"Scanner Kodak Scanmate i940 PN: 1473917i"},"content":{"rendered":"<h1>Scanner Kodak Scanmate i940 PN: 1473917i<\/h1>\n<h2>DESCRI\u00c7\u00c3O DO PRODUTO<\/h2>\n<p>&nbsp;<\/p>\n<h3>CARACTER\u00cdSTICAS<\/h3>\n<ul>\n<li>\u2022 O tamanho compacto ocupa menos espa\u00e7o sobre a mesa.<\/li>\n<li>\u2022 Alimentado por USB para voc\u00ea digitalizar em qualquer lugar.<\/li>\n<li>\u2022 Com a tecnologia Smart Touch, voc\u00ea pode executar at\u00e9 nove tarefas de digitaliza\u00e7\u00e3o diferentes com o toque de um bot\u00e3o, inclusive criar PDFs, anexar documentos a e-mails ou enviar arquivos digitalizados para servi\u00e7os de nuvem.<\/li>\n<li>\u2022 Digitaliza documentos de escrit\u00f3rio, de identifica\u00e7\u00e3o e cart\u00f5es de cr\u00e9dito.<\/li>\n<\/ul>\n<p>&nbsp;<\/p>\n<h3>ESPECIFICA\u00c7\u00d5ES T\u00c9CNICAS<\/h3>\n<ul>\n<li><strong>Descri\u00e7\u00e3o:<\/strong>Kodak Scanmate i940<\/li>\n<li><strong>Fabricante: <\/strong>Kodak<\/li>\n<li><strong>PN:<\/strong>1473917i<\/li>\n<li><strong>Velocidades de produ\u00e7\u00e3o *:<\/strong> Com alimenta\u00e7\u00e3o de corrente alternada: preto e branco\/tons de cinza: at\u00e9 20 ppm\/40 ipm a 200 dpi; colorido: at\u00e9 15 ppm\/30 ipm a 200 dpi<\/li>\n<li><strong>Capacidade do alimentador:<\/strong> At\u00e9 20 folhas de papel de 80 g\/m\u00b2 (20 lb.)<\/li>\n<li><strong>Conectividade:<\/strong> USB 2.0<\/li>\n<li><strong>Tamanho m\u00e1ximo do documento:<\/strong> 216 mm x 1524 mm (8,5 pol. x 60 pol.)<\/li>\n<li><strong>Tamanho m\u00ednimo do documento:<\/strong> 80 mm x 52 mm (3,2 pol. x 2,1 pol.)<\/li>\n<li><strong>Espessura e peso do papel:<\/strong> Papel de 30-398 g\/m\u00b2 (8 &#8211; 220 lb.)<\/li>\n<li><strong>Resolu\u00e7\u00e3o m\u00e1xima de captura \u00f3ptica:<\/strong> 600 dpi<\/li>\n<li><strong>Acess\u00f3rios e suprimentos:<\/strong> M\u00f3dulo de alimenta\u00e7\u00e3o<\/li>\n<li><strong>Ru\u00eddo ac\u00fastico: Digitalizando:<\/strong> &lt;64 dB(A)<\/li>\n<li><strong>Certifica\u00e7\u00f5es do produto e aprova\u00e7\u00f5es:<\/strong> Argentina (marca S<\/li>\n<li><strong>Software inclu\u00eddo: <\/strong>Capture Pro Limited Edition<\/li>\n<li><strong>Seguran\u00e7a de dados: <\/strong> Este scanner processa os dados digitalizados exclusivamente por meio da mem\u00f3ria vol\u00e1til, garantindo que os dados da imagem sejam efetivamente apagados ap\u00f3s o desligamento. Leia mais sobre a seguran\u00e7a de dados.<\/li>\n<li><strong>Dimens\u00f5es e peso: Altura:<\/strong> 78 mm (3,1 pol.) com a bandeja fechada<\/li>\n<li><strong>Requisitos el\u00e9tricos:<\/strong> 100\u2013240 V (internacional); 50\u201360 Hz<\/li>\n<li><strong>Certifica\u00e7\u00e3o ambiental:<\/strong> 2008 EuP<\/li>\n<li><strong>Formatos de arquivo de sa\u00edda:<\/strong> BMP<\/li>\n<li><strong>Op\u00e7\u00f5es de resolu\u00e7\u00e3o de sa\u00edda de imagem:<\/strong> At\u00e9 1200 dpi<\/li>\n<li><strong>Compatibilidade com sistemas operacionais:<\/strong> MAC OS at\u00e9 a vers\u00e3o v.10.13<\/li>\n<li><strong>Temperatura operacional\/Umidade operacional: <\/strong> Temperatura operacional 10-35\u00b0C (50-95\u00b0F)<\/li>\n<li><strong>Painel de controle do operador: <\/strong> LED de segmento 7 de 1,5 polegadas (38 mm)<\/li>\n<li><strong>Recursos de manuseio de papel (SurePath):<\/strong> Detec\u00e7\u00e3o de multialimenta\u00e7\u00e3o de comprimento<\/li>\n<li><strong>Software de aprimoramento de imagem Perfect Page:<\/strong> Processamento de limite adaptativo<\/li>\n<\/ul>\n<p>O i940 \u00e9 a solu\u00e7\u00e3o perfeita para digitaliza\u00e7\u00e3o de documentos em alta qualidade e efici\u00eancia. Com sua tecnologia de digitaliza\u00e7\u00e3o duplex, o Kodak i940 \u00e9 capaz de digitalizar frente e verso em uma \u00fanica passagem, economizando tempo e aumentando a produtividade.<\/p>\n<p>O ScanMate oferece uma velocidade impressionante de at\u00e9 20 p\u00e1ginas por minuto, tornando-o perfeito para lidar com grandes volumes de documentos de forma r\u00e1pida e eficaz.<\/p>\n<p>Este scanner compacto e port\u00e1til oferece uma resolu\u00e7\u00e3o de at\u00e9 600 dpi, permitindo a digitaliza\u00e7\u00e3o de documentos em alta qualidade e nitidez. Al\u00e9m disso, possui uma capacidade de alimenta\u00e7\u00e3o de at\u00e9 20 folhas, permitindo que voc\u00ea digitalize grandes volumes de documentos com o Scanneri940 sem interrup\u00e7\u00f5es.<\/p>\n<p>Equipado com um alimentador autom\u00e1tico de documentos de at\u00e9 20 folhas, o scanner facilita a digitaliza\u00e7\u00e3o de v\u00e1rias p\u00e1ginas de uma s\u00f3 vez, economizando tempo e esfor\u00e7o.<\/p>\n<p>O i940 tamb\u00e9m \u00e9 compat\u00edvel com diversas aplica\u00e7\u00f5es de software, permitindo a integra\u00e7\u00e3o com sistemas de gerenciamento de documentos e fluxos de trabalho, aumentando ainda mais a efici\u00eancia e agilidade nos processos de digitaliza\u00e7\u00e3o.<\/p>\n<p>Com a capacidade de digitaliza\u00e7\u00e3o duplex, o i940 permite a digitaliza\u00e7\u00e3o de ambos os lados de uma p\u00e1gina simultaneamente, tornando-o ideal para documentos com informa\u00e7\u00f5es em frente e verso.<\/p>\n<p>Com sua tecnologia de detec\u00e7\u00e3o de alimenta\u00e7\u00e3o dupla ultrass\u00f4nica, o i940 evita a digitaliza\u00e7\u00e3o de duas ou mais folhas ao mesmo tempo, garantindo a precis\u00e3o e qualidade na captura de informa\u00e7\u00f5es.<\/p>\n<p>Al\u00e9m disso, este scanner \u00e9 f\u00e1cil de usar, com seus bot\u00f5es intuitivos que permitem iniciar e interromper a digitaliza\u00e7\u00e3o com apenas um toque, e seu design compacto e port\u00e1til, que facilita o transporte e armazenamento.<\/p>\n<p>O scanner oferece uma resolu\u00e7\u00e3o de digitaliza\u00e7\u00e3o de at\u00e9 600 dpi, garantindo a reprodu\u00e7\u00e3o n\u00edtida e detalhada de documentos, gr\u00e1ficos e imagens.<\/p>\n<p>Em resumo, o i940 \u00e9 a escolha ideal para quem busca uma solu\u00e7\u00e3o eficiente e confi\u00e1vel de digitaliza\u00e7\u00e3o de documentos. Com sua tecnologia de digitaliza\u00e7\u00e3o duplex, alta qualidade de imagem, capacidade de alimenta\u00e7\u00e3o de at\u00e9 20 folhas e compatibilidade com diversas aplica\u00e7\u00f5es de software, o i940 oferece uma solu\u00e7\u00e3o completa para todas as suas necessidades de digitaliza\u00e7\u00e3o de documentos.<\/p>\n<p>Veja mais itens como o Scanmate i940 em: <a href=\"https:\/\/b2ti.com.br\">b2ti<\/a> e <a title=\"kodak\" href=\"https:\/\/www.kodak.com\/en\/\" target=\"_blank\" rel=\"noopener\">kodak<\/a><\/p>\n<p>1473917i<\/p>\n","protected":false},"excerpt":{"rendered":"<h1>SCANNER | KODAK | SCANMATE | i940 | USB | 1473917i<\/h1>\n<p>Com o compacto Scanner Kodak coletar, gerenciar e distribuir informa\u00e7\u00f5es no computador s\u00e3o tarefas simples e f\u00e1ceis. Transfira rapidamente informa\u00e7\u00f5es valiosas do papel para seu fluxo de trabalho de modo intuitivo. Port\u00e1til e silencioso, o i940 foi projetado de forma inteligente para simplificar o trabalho do usu\u00e1rio com a seguran\u00e7a da alimenta\u00e7\u00e3o via USB, possuindo capacidade de at\u00e9 20 folhas de papel de 80g. Este scanner processa os dados digitalizados exclusivamente por meio da mem\u00f3ria vol\u00e1til, garantindo que os dados de imagem sejam efetivamente apagados ap\u00f3s o desligamento, garantindo a seguran\u00e7a de dados.<\/p>\n","protected":false},"featured_media":552,"comment_status":"open","ping_status":"closed","template":"","meta":[],"product_brand":[186],"product_cat":[78],"product_tag":[187],"class_list":{"0":"post-550","1":"product","2":"type-product","3":"status-publish","4":"has-post-thumbnail","6":"product_brand-kodak","7":"product_cat-scanner","8":"product_tag-digitalizacao","10":"first","11":"instock","12":"shipping-taxable","13":"product-type-simple"},"_links":{"self":[{"href":"https:\/\/b2ti.com.br\/unidades-de-negocio-e-produtos\/wp-json\/wp\/v2\/product\/550","targetHints":{"allow":["GET"]}}],"collection":[{"href":"https:\/\/b2ti.com.br\/unidades-de-negocio-e-produtos\/wp-json\/wp\/v2\/product"}],"about":[{"href":"https:\/\/b2ti.com.br\/unidades-de-negocio-e-produtos\/wp-json\/wp\/v2\/types\/product"}],"replies":[{"embeddable":true,"href":"https:\/\/b2ti.com.br\/unidades-de-negocio-e-produtos\/wp-json\/wp\/v2\/comments?post=550"}],"wp:featuredmedia":[{"embeddable":true,"href":"https:\/\/b2ti.com.br\/unidades-de-negocio-e-produtos\/wp-json\/wp\/v2\/media\/552"}],"wp:attachment":[{"href":"https:\/\/b2ti.com.br\/unidades-de-negocio-e-produtos\/wp-json\/wp\/v2\/media?parent=550"}],"wp:term":[{"taxonomy":"product_brand","embeddable":true,"href":"https:\/\/b2ti.com.br\/unidades-de-negocio-e-produtos\/wp-json\/wp\/v2\/product_brand?post=550"},{"taxonomy":"product_cat","embeddable":true,"href":"https:\/\/b2ti.com.br\/unidades-de-negocio-e-produtos\/wp-json\/wp\/v2\/product_cat?post=550"},{"taxonomy":"product_tag","embeddable":true,"href":"https:\/\/b2ti.com.br\/unidades-de-negocio-e-produtos\/wp-json\/wp\/v2\/product_tag?post=550"}],"curies":[{"name":"wp","href":"https:\/\/api.w.org\/{rel}","templated":true}]}}