{"id":573,"date":"2022-12-20T10:05:16","date_gmt":"2022-12-20T13:05:16","guid":{"rendered":"https:\/\/b2ti.com.br\/unidades-de-negocio-e-produtos\/?post_type=product&#038;p=573"},"modified":"2025-08-29T13:36:26","modified_gmt":"2025-08-29T16:36:26","slug":"209744-101","status":"publish","type":"product","link":"https:\/\/b2ti.com.br\/unidades-de-negocio-e-produtos\/produto\/209744-101\/","title":{"rendered":"Headset Poly Blackwire C3210 Mono USB-A PN: 209744-101"},"content":{"rendered":"<h1>O Headset Poly Blackwire C3210 PN: 209744-101<\/h1>\n<h2>DESCRI\u00c7\u00c3O DO PRODUTO<\/h2>\n<p>O <strong>Headset Poly Blackwire C3210 Mono USB-A 209744-101 <\/strong> \u00e9 dur\u00e1vel, leve, f\u00e1cil de utilizar. A S\u00e9rie Blackwire 3200 com sistema de \u00e1udio inconfund\u00edvel da Poly oferece recursos de alto n\u00edvel. O Poly C3210 se conecta ao PC por um conector USB, ideal para usu\u00e1rios em transi\u00e7\u00e3o para a telefonia no PC para webinars, confer\u00eancias, m\u00fasica e outras aplica\u00e7\u00f5es multim\u00eddia. Conte com a prote\u00e7\u00e3o auditiva do Headset Poly Blackwire C3210, a SoundGuard, que gera limita\u00e7\u00e3o ac\u00fastima para prote\u00e7\u00e3o contra sons acima de 118 dBA. Atrav\u00e9s dos controles dispon\u00edveis no fio, controle suas chamadas de forma remota.<\/p>\n<h3>Caracter\u00edsticas<\/h3>\n<ul>\n<li>\u2022 Headset monoaural;<\/li>\n<li><strong>PN:<\/strong> 209744-101<\/li>\n<li>\u2022 Controles in-line intuitivos para atender\/encerrar chamadas, controlar o volume e ativar\/desativar o mudo;<\/li>\n<li>\u2022 \u00c1udio wideband com microfones com cancelamento de ru\u00eddo para uma telefonia de alta qualidade no PC;<\/li>\n<li>\u2022 Ideal para usu\u00e1rios em transi\u00e7\u00e3o para a telefonia no PC para webinars, confer\u00eancias, m\u00fasica e outras aplica\u00e7\u00f5es multim\u00eddia;<\/li>\n<li>\u2022 Prote\u00e7\u00e3o auditiva SoundGuard: Limita\u00e7\u00e3o ac\u00fastica para prote\u00e7\u00e3o contra sons acima de 118 dBA.<\/li>\n<\/ul>\n<h3>Especifica\u00e7\u00f5es T\u00e9cnicas<\/h3>\n<ul>\n<li style=\"list-style-type: none;\">\n<ul>\n<li><strong>Descri\u00e7\u00e3o<\/strong>: Poly C3210 Mono USB-A<\/li>\n<li><strong>Fabricante:<\/strong> Poly<\/li>\n<li><strong>Conex\u00e3o:<\/strong> USB<\/li>\n<li><strong>Compatibilidade:<\/strong> Windows ou MAC OS<\/li>\n<li><strong>Indica\u00e7\u00e3o de uso:<\/strong> Usu\u00e1rios em transi\u00e7\u00e3o para a telefonia no PC para webinars, confer\u00eancias, m\u00fasica e outras aplica\u00e7\u00f5es multim\u00eddia<\/li>\n<li><strong>Desempenho de \u00e1udio no PC:<\/strong> EQ din\u00e2mico, resposta de frequ\u00eancia do microfone de 100 Hz a 10 kHz, otimizada para telefonia de voz wideband no PC (at\u00e9 6.800 Hz)<\/li>\n<li><strong>Prote\u00e7\u00e3o Auditiva: <\/strong> SoundGuard Limita\u00e7\u00e3o ac\u00fastica para prote\u00e7\u00e3o contra sons acima de 118 dBA<\/li>\n<li><strong>Controles:<\/strong> Atender\/ignorar\/encerrar\/colocar em espera, retornar chamada, mudo, volume +\/-<\/li>\n<li><strong>Peso:<\/strong> 87g<\/li>\n<\/ul>\n<\/li>\n<\/ul>\n<p>O C3210 \u00e9 um headset de alta qualidade, projetado para oferecer a melhor experi\u00eancia de comunica\u00e7\u00e3o poss\u00edvel em um ambiente profissional. Com seu design moderno e elegante, este headset \u00e9 a escolha ideal para quem busca conforto e praticidade.<\/p>\n<p>Com tecnologia de cancelamento de ru\u00eddo, voc\u00ea pode ter conversas mais claras e n\u00edtidas, mesmo em ambientes barulhentos. O microfone ajust\u00e1vel com cancelamento de ru\u00eddo elimina o som de fundo, focando apenas na sua voz, e a qualidade de \u00e1udio de banda larga garante que a sua voz soe natural e clara.<\/p>\n<p>O Poly Blackwire C3210 tamb\u00e9m foi projetado para ser extremamente confort\u00e1vel. As almofadas auriculares macias garantem que voc\u00ea possa us\u00e1-lo por horas a fio, sem se sentir cansado ou desconfort\u00e1vel. Al\u00e9m disso, ele \u00e9 leve e f\u00e1cil de transportar, ideal para quem precisa se deslocar com frequ\u00eancia.<\/p>\n<p>Com conex\u00f5es USB e plug-and-play, voc\u00ea pode conectar facilmente este headset a qualquer dispositivo, seja ele um computador, laptop ou smartphone. E, com o controle integrado no cabo, voc\u00ea pode ajustar o volume, silenciar o microfone e atender chamadas com facilidade.<\/p>\n<p>Por fim, a qualidade e confiabilidade do Headset Blackwire C3210 s\u00e3o garantidas pela renomada marca Poly. Com uma constru\u00e7\u00e3o robusta e testes rigorosos de qualidade, este headset \u00e9 a escolha ideal para profissionais que buscam uma solu\u00e7\u00e3o de comunica\u00e7\u00e3o confi\u00e1vel e de alta qualidade.<\/p>\n<p>Em resumo, o C3210 \u00e9 uma escolha inteligente para quem busca um headset de comunica\u00e7\u00e3o confi\u00e1vel, confort\u00e1vel e de alta qualidade. Com tecnologia de cancelamento de ru\u00eddo, design moderno e elegante e controle intuitivo, este headset \u00e9 uma solu\u00e7\u00e3o completa para suas necessidades de comunica\u00e7\u00e3o.<\/p>\n<p>Veja mais itens como o HEADSET POLY BLACKWIRE em: <a href=\"https:\/\/b2ti.com.br\">b2ti<\/a> e <a title=\"Poly\" href=\"https:\/\/b2ti.com.br\/poly\/\">https:\/\/b2ti.com.br\/poly\/<\/a><br \/>\n<a title=\"Poly\" href=\"https:\/\/www.poly.com\/br\/pt\" target=\"_blank\" rel=\"noopener\">https:\/\/www.poly.com\/br\/pt<\/a><\/p>\n<p>209744-101<\/p>\n","protected":false},"excerpt":{"rendered":"<h1>HEADSET USB | POLY | HP | BACKWIRE C3210 | MONO | 209744-101<\/h1>\n<p>O <strong>Headset Poly Blackwire C3210 Mono USB-A 209744-101 <\/strong> \u00e9 dur\u00e1vel, leve, f\u00e1cil de utilizar. A S\u00e9rie Blackwire 3200 com sistema de \u00e1udio inconfund\u00edvel da Poly oferece recursos de alto n\u00edvel. O Poly C3210 se conecta ao PC por um conector USB, ideal para usu\u00e1rios em transi\u00e7\u00e3o para a telefonia no PC para webinars, confer\u00eancias, m\u00fasica e outras aplica\u00e7\u00f5es multim\u00eddia. Conte com a prote\u00e7\u00e3o auditiva do Headset Poly Blackwire C3210, a SoundGuard, que gera limita\u00e7\u00e3o ac\u00fastima para prote\u00e7\u00e3o contra sons acima de 118 dBA. Atrav\u00e9s dos controles dispon\u00edveis no fio, controle suas chamadas de forma remota.<\/p>\n","protected":false},"featured_media":576,"comment_status":"open","ping_status":"closed","template":"","meta":[],"product_brand":[144],"product_cat":[101],"product_tag":[177,176],"class_list":{"0":"post-573","1":"product","2":"type-product","3":"status-publish","4":"has-post-thumbnail","6":"product_brand-poly","7":"product_cat-headset","8":"product_tag-audio","9":"product_tag-comunicacao-empresarial","11":"first","12":"instock","13":"shipping-taxable","14":"product-type-simple"},"_links":{"self":[{"href":"https:\/\/b2ti.com.br\/unidades-de-negocio-e-produtos\/wp-json\/wp\/v2\/product\/573","targetHints":{"allow":["GET"]}}],"collection":[{"href":"https:\/\/b2ti.com.br\/unidades-de-negocio-e-produtos\/wp-json\/wp\/v2\/product"}],"about":[{"href":"https:\/\/b2ti.com.br\/unidades-de-negocio-e-produtos\/wp-json\/wp\/v2\/types\/product"}],"replies":[{"embeddable":true,"href":"https:\/\/b2ti.com.br\/unidades-de-negocio-e-produtos\/wp-json\/wp\/v2\/comments?post=573"}],"wp:featuredmedia":[{"embeddable":true,"href":"https:\/\/b2ti.com.br\/unidades-de-negocio-e-produtos\/wp-json\/wp\/v2\/media\/576"}],"wp:attachment":[{"href":"https:\/\/b2ti.com.br\/unidades-de-negocio-e-produtos\/wp-json\/wp\/v2\/media?parent=573"}],"wp:term":[{"taxonomy":"product_brand","embeddable":true,"href":"https:\/\/b2ti.com.br\/unidades-de-negocio-e-produtos\/wp-json\/wp\/v2\/product_brand?post=573"},{"taxonomy":"product_cat","embeddable":true,"href":"https:\/\/b2ti.com.br\/unidades-de-negocio-e-produtos\/wp-json\/wp\/v2\/product_cat?post=573"},{"taxonomy":"product_tag","embeddable":true,"href":"https:\/\/b2ti.com.br\/unidades-de-negocio-e-produtos\/wp-json\/wp\/v2\/product_tag?post=573"}],"curies":[{"name":"wp","href":"https:\/\/api.w.org\/{rel}","templated":true}]}}