{"id":745,"date":"2023-06-09T13:30:51","date_gmt":"2023-06-09T16:30:51","guid":{"rendered":"https:\/\/b2ti.com.br\/unidades-de-negocio-e-produtos\/?post_type=product&#038;p=745"},"modified":"2025-08-29T11:30:56","modified_gmt":"2025-08-29T14:30:56","slug":"v11h981020-e20","status":"publish","type":"product","link":"https:\/\/b2ti.com.br\/unidades-de-negocio-e-produtos\/produto\/v11h981020-e20\/","title":{"rendered":"Projetor Epson PowerLite E20 PN: V11H981020"},"content":{"rendered":"<h1>Projetor Epson PowerLite E20 PN: V11H981020<\/h1>\n<p>&nbsp;<\/p>\n<h2>Especifica\u00e7\u00f5es do Projetor:<\/h2>\n<p>&nbsp;<\/p>\n<ul>\n<li><strong>Sistema de proje\u00e7\u00e3o:<\/strong>Frontal \/ traseiro \/ teto<\/li>\n<li><strong>PN:<\/strong> V11H981020<\/li>\n<li><strong>Modo de proje\u00e7\u00e3o:<\/strong>Tecnologia 3LCD de 3 chips<\/li>\n<li><strong>M\u00e9todo de proje\u00e7\u00e3o:<\/strong>Matriz ativa TFT de polissil\u00edcio<\/li>\n<li><strong>N\u00famero de pixels:<\/strong>786,432 dots (1024 x 768) x 3<\/li>\n<li><strong>Brilho em cores &#8211; Sa\u00edda de luz colorida:<\/strong>3.400 lumens2<\/li>\n<li><strong>Brilho em branco &#8211; Sa\u00edda de luz branca:<\/strong>3.400 lumens2<\/li>\n<li><strong>Raz\u00e3o de aspecto:<\/strong>4:3<\/li>\n<li><strong>Resolu\u00e7\u00e3o nativa: <\/strong>1024 x 768 (XGA)<\/li>\n<li><strong>Redimensionar:<\/strong>1280 x 800 (WXGA), 1280 x 960 (SXGA2), 1280 x 1024 (SXGA3) 1366 x 768 (WXGA60-3), 1400 x 1050 (SXGA+), 1440 x 900 (WXGA+)<\/li>\n<li><strong>Tipo de l\u00e2mpada:<\/strong>210 W UHE<\/li>\n<li><strong>Dura\u00e7\u00e3o da l\u00e2mpada: <\/strong><\/li>\n<li>Modo ECO: At\u00e9 12.000 horas3<\/li>\n<li>Modo Normal: At\u00e9 6.000 horas3<\/li>\n<li><strong>Alcance do Throw-Ratio:<\/strong>1.44 (Zoom: Wide), 1.95 (Zoom: Tele)<\/li>\n<li><strong>Dist\u00e2ncia de proje\u00e7\u00e3o\/ tamanho da tela:<\/strong>30&#8243; a 350&#8243; (0,76 a 10,34 m)<\/li>\n<li><strong>Corre\u00e7\u00e3o de Keystone:<\/strong><\/li>\n<li>Autom\u00e1tico: Vertical: \u00b130 graus<\/li>\n<li>Slider: Horizontal: \u00b130 graus<\/li>\n<li><strong>Plug &#8216;n Play USB: <\/strong>Projetor compat\u00edvel com computadores PC e Mac.<\/li>\n<li><strong>Raz\u00e3o de contraste:<\/strong>At\u00e9 15 000:1<\/li>\n<li><strong>Reprodu\u00e7\u00e3o de cor:<\/strong>At\u00e9 1,07 bilh\u00e3o de cores<\/li>\n<\/ul>\n<p>&nbsp;<\/p>\n<h2>Desempenho e qualidade de imagem excepcionais<\/h2>\n<h3>Tecnologia 3LCD:<\/h3>\n<p>O projetor Epson PowerLite E20 utiliza a avan\u00e7ada tecnologia 3LCD, que oferece imagens n\u00edtidas, com cores vibrantes e detalhes impressionantes. Sua proje\u00e7\u00e3o de alta qualidade proporciona uma experi\u00eancia visual envolvente para suas apresenta\u00e7\u00f5es corporativas.<\/p>\n<p>&nbsp;<\/p>\n<h2>Brilho e clareza em qualquer ambiente<\/h2>\n<p>3.400 lumens de brilho: O PowerLite E20 possui uma pot\u00eancia de brilho de 3.400 lumens, o que garante uma proje\u00e7\u00e3o n\u00edtida mesmo em ambientes com luz ambiente. Seus colaboradores poder\u00e3o visualizar as informa\u00e7\u00f5es importantes de forma clara e precisa, independentemente das condi\u00e7\u00f5es de ilumina\u00e7\u00e3o da sala de reuni\u00f5es.<\/p>\n<p>&nbsp;<\/p>\n<h2>Portabilidade e facilidade de uso<\/h2>\n<p>Design compacto e leve: O Epson PowerLite E20 apresenta um design compacto e leve, facilitando o transporte entre salas de reuni\u00f5es ou at\u00e9 mesmo para eventos externos. Sua configura\u00e7\u00e3o r\u00e1pida e intuitiva permite que os usu\u00e1rios comecem a projetar em minutos, sem complica\u00e7\u00f5es.<\/p>\n<p>&nbsp;<\/p>\n<h2>Conectividade vers\u00e1til e f\u00e1cil integra\u00e7\u00e3o<\/h2>\n<p>HDMI e Wireless: Com a conectividade HDMI, voc\u00ea pode conectar facilmente seus dispositivos como laptops, tablets e reprodutores de m\u00eddia, proporcionando uma conex\u00e3o est\u00e1vel e de alta qualidade. Al\u00e9m disso, o PowerLite E20 possui recursos de conex\u00e3o sem fio, permitindo a proje\u00e7\u00e3o direta a partir de dispositivos m\u00f3veis compat\u00edveis.<\/p>\n<p>&nbsp;<\/p>\n<h2>Durabilidade e baixo custo total de propriedade<\/h2>\n<p>L\u00e2mpada de longa dura\u00e7\u00e3o: A l\u00e2mpada do PowerLite E20 possui uma vida \u00fatil de at\u00e9 12.000 horas no modo ECO, reduzindo a necessidade de substitui\u00e7\u00e3o frequente e os custos associados. Isso significa que sua empresa ter\u00e1 um projetor confi\u00e1vel, duradouro e com menor custo total de propriedade.<\/p>\n<p>&nbsp;<\/p>\n<h2>Portabilidade e facilidade de uso<\/h2>\n<p>Design compacto e leve: O Epson PowerLite E20 apresenta um design compacto e leve, facilitando o transporte entre salas de reuni\u00f5es ou at\u00e9 mesmo para eventos externos. Sua configura\u00e7\u00e3o r\u00e1pida e intuitiva permite que os usu\u00e1rios comecem a projetar em minutos, sem complica\u00e7\u00f5es.<\/p>\n<p>&nbsp;<\/p>\n<h2>Suporte e garantia l\u00edderes do setor<\/h2>\n<p>Garantia estendida: A Epson oferece uma garantia l\u00edder do setor para o PowerLite E20, proporcionando tranquilidade e confian\u00e7a aos seus clientes corporativos. Al\u00e9m disso, o suporte t\u00e9cnico especializado est\u00e1 dispon\u00edvel para atender \u00e0s necessidades da sua empresa e garantir o m\u00e1ximo desempenho do projetor.<\/p>\n<p>&nbsp;<\/p>\n<p>O projetor Epson PowerLite E20 combina desempenho excepcional, qualidade de imagem impressionante, conectividade vers\u00e1til e durabilidade, atendendo \u00e0s demandas do p\u00fablico corporativo. Com sua proje\u00e7\u00e3o brilhante e clara em qualquer ambiente, design port\u00e1til e f\u00e1cil de usar, al\u00e9m do suporte e garantia l\u00edderes do setor, o PowerLite E20 \u00e9 a escolha ideal para empresas que buscam uma solu\u00e7\u00e3o audiovisual confi\u00e1vel e de alto desempenho.<\/p>\n<p>&nbsp;<\/p>\n<p>Siga a B2TI nas redes sociais e fique por dentro das nossas novidades: <a href=\"https:\/\/linkedin.com\/company\/b2ti-solutions\/\" target=\"_blank\" rel=\"noopener\">LinkedIn<\/a> , <a href=\"https:\/\/facebook.com\/b2ti.solutions\/\" target=\"_blank\" rel=\"noopener\">Facebook<\/a> , <a href=\"https:\/\/instagram.com\/b2tisolutions\/\" target=\"_blank\" rel=\"noopener\">Instagram<\/a> e <a href=\"https:\/\/www.youtube.com\/@b2tisolutions930\" target=\"_blank\" rel=\"noopener\">Youtube<\/a> Nosso site: <a href=\"https:\/\/b2ti.com.br\" target=\"_blank\" rel=\"noopener\">www.b2ti.com.br<\/a><\/p>\n<p>V11H981020<\/p>\n","protected":false},"excerpt":{"rendered":"<h1>PROJETOR| EPSON | POWERLITE | E20 | V11H981020<\/h1>\n<p>O projetor Epson PowerLite E20 combina desempenho excepcional, qualidade de imagem impressionante, conectividade vers\u00e1til e durabilidade, atendendo \u00e0s demandas do p\u00fablico corporativo.<\/p>\n","protected":false},"featured_media":746,"comment_status":"open","ping_status":"closed","template":"","meta":[],"product_brand":[184],"product_cat":[106],"product_tag":[173],"class_list":{"0":"post-745","1":"product","2":"type-product","3":"status-publish","4":"has-post-thumbnail","6":"product_brand-epson","7":"product_cat-projetores","8":"product_tag-imagem","10":"first","11":"instock","12":"featured","13":"shipping-taxable","14":"product-type-simple"},"_links":{"self":[{"href":"https:\/\/b2ti.com.br\/unidades-de-negocio-e-produtos\/wp-json\/wp\/v2\/product\/745","targetHints":{"allow":["GET"]}}],"collection":[{"href":"https:\/\/b2ti.com.br\/unidades-de-negocio-e-produtos\/wp-json\/wp\/v2\/product"}],"about":[{"href":"https:\/\/b2ti.com.br\/unidades-de-negocio-e-produtos\/wp-json\/wp\/v2\/types\/product"}],"replies":[{"embeddable":true,"href":"https:\/\/b2ti.com.br\/unidades-de-negocio-e-produtos\/wp-json\/wp\/v2\/comments?post=745"}],"wp:featuredmedia":[{"embeddable":true,"href":"https:\/\/b2ti.com.br\/unidades-de-negocio-e-produtos\/wp-json\/wp\/v2\/media\/746"}],"wp:attachment":[{"href":"https:\/\/b2ti.com.br\/unidades-de-negocio-e-produtos\/wp-json\/wp\/v2\/media?parent=745"}],"wp:term":[{"taxonomy":"product_brand","embeddable":true,"href":"https:\/\/b2ti.com.br\/unidades-de-negocio-e-produtos\/wp-json\/wp\/v2\/product_brand?post=745"},{"taxonomy":"product_cat","embeddable":true,"href":"https:\/\/b2ti.com.br\/unidades-de-negocio-e-produtos\/wp-json\/wp\/v2\/product_cat?post=745"},{"taxonomy":"product_tag","embeddable":true,"href":"https:\/\/b2ti.com.br\/unidades-de-negocio-e-produtos\/wp-json\/wp\/v2\/product_tag?post=745"}],"curies":[{"name":"wp","href":"https:\/\/api.w.org\/{rel}","templated":true}]}}