{"id":929,"date":"2023-07-13T10:34:49","date_gmt":"2023-07-13T13:34:49","guid":{"rendered":"https:\/\/b2ti.com.br\/unidades-de-negocio-e-produtos\/?post_type=product&#038;p=929"},"modified":"2025-08-29T11:01:46","modified_gmt":"2025-08-29T14:01:46","slug":"2200-86270-212","status":"publish","type":"product","link":"https:\/\/b2ti.com.br\/unidades-de-negocio-e-produtos\/produto\/2200-86270-212\/","title":{"rendered":"Sistema Poly Studio VC X50 com TC8 PN: 2200-86270-212"},"content":{"rendered":"<h1>Sistema Poly Studio VC X50 com TC8<\/h1>\n<p>&nbsp;<\/p>\n<h3>Especifica\u00e7\u00f5es T\u00e9cnicas<\/h3>\n<p>&nbsp;<\/p>\n<ul>\n<li><strong>Descri\u00e7\u00e3o:<\/strong>Sistema Poly Studio VC X50 2200-85970-212 I<\/li>\n<li><strong>Fabricante:<\/strong>Poly<\/li>\n<li><strong>SKU:<\/strong> 2200-86270-212<\/li>\n<li><strong>EAN:<\/strong> 610807895008<\/li>\n<li><strong>Padr\u00f5es e protocolos de v\u00eddeo:<\/strong>H.264 AVC, H.264 High Profile, H.265<\/li>\n<li><strong>Entrada de V\u00eddeo:<\/strong>1 x HDMI<\/li>\n<li><strong>Sa\u00edda de v\u00eddeo:<\/strong>2 x HDMI &#8211; Compat\u00edvel com tela de toque<\/li>\n<li><strong>Resolu\u00e7\u00e3o de v\u00eddeo de pessoas:<\/strong>4K, 30 fps (TX e RX) a partir de 2048 Kbps*, 1080p; 60 fps a partir de 1740 Kbps, 1080p, 30 fps a partir de 1024 Kbps; 720p, 60 fps a partir de 832 Kbps; 720p, 30 fps a partir de 512 Kbps;<\/li>\n<li><strong>Resolu\u00e7\u00e3o de entrada de v\u00eddeo de conte\u00fado:<\/strong>UHD (3840 x 2160); HD (1920 x 1080p); WSXGA+ (1680 x 1050); UXGA (1600 x 1200); SXGA (1280 x 1024); WXGA (1280 x 768); HD (1280 x 720p); XGA (1024 x 768); SVGA (800 x 600)<\/li>\n<li><strong>Resolu\u00e7\u00e3o de sa\u00edda de v\u00eddeo de conte\u00fado:<\/strong>UHD (3840 x 2160); WUXGA (1920 x 1200); HD (1920 x 1080); WSXGA+ (1680 x 1050); SXGA+ (1400 x 1050); SXGA (1280 x 1024); HD (1280 x 720) XGA (1024 x 768)<\/li>\n<li><strong>Compartilhamento de conte\u00fado:<\/strong>Aplicativo de conte\u00fado; Apple Airplay; Miracast; Entrada HDMI; Quadro de comunica\u00e7\u00f5es<br \/>\nC\u00e2mera Zoom digital 5x; \u00c2ngulo de vis\u00e3o de 120\u00b0; Resolu\u00e7\u00e3o de captura UHD 2160p (4K); Enquadramento autom\u00e1tico de pessoas<\/li>\n<li><strong>Entrada de \u00e1udio:<\/strong>3 x microfones MEMS; mais 2 x microfones de segunda ordem; 1 x HDMI; 1 x entrada de linha de 3,5 mm; Compat\u00edvel com futuras atualiza\u00e7\u00f5es de software<\/li>\n<li><strong>Sa\u00edda de \u00e1udio:<\/strong>Alto-falantes est\u00e9reos; 1 x sa\u00edda de linha de 3,5 mm; Suportado em futuras atualiza\u00e7\u00f5es de software<\/li>\n<li><strong>Outras interfaces:<\/strong>2 x USB-A (3.0); 1 x USB-C; Bluetooth 5.0; Simultaneidade multicanal WiFi 802.11a\/b\/g\/n\/ac (MIMO)<\/li>\n<li><strong>Padr\u00f5es e protocolos de \u00e1udio:<\/strong>Largura de banda de 22 kHz com tecnologia Polycom Siren 22, AAC-LD (chamadas TIP), G.719 Largura de banda de 14 kHz com tecnologia Polycom Siren 14, G.722.1 anexo C Largura de banda de 7kHz com G.722, G.722.1 Largura de banda de 3,4 kHz com G.711, G.728, G.729A<br \/>\nRede IPv4 1 x ethernet 10\/100\/1G Auto-MDIX H.323 e\/ou SIP at\u00e9 6 Mbps executando o aplicativo de v\u00eddeo da Poly Tecnologia Lost Packet Recovery (LPR) Aloca\u00e7\u00e3o din\u00e2mica de largura de banda Tamanho de MTU reconfigur\u00e1vel Suporte a proxy da web \u2014 Basic, Digest e NTLM Protocolo de registro de certificado simples (SCEP)<\/li>\n<li><strong>Seguran\u00e7a:<\/strong>Criptografia de m\u00eddia (H.323, SIP): AES-128, AES-256 Suporte ao H.235.6 Acesso autenticado a menus de administra\u00e7\u00e3o, interface da web e API Configura\u00e7\u00e3o da pol\u00edtica de senha da conta local Perfis de seguran\u00e7a Bloqueio de porta de conta local e de login Padr\u00f5es seguros Registro remoto com suporte para TLS Autentica\u00e7\u00e3o externa do Active Directory<\/li>\n<li><strong>El\u00e9trica:<\/strong>Fonte de alimenta\u00e7\u00e3o com detec\u00e7\u00e3o autom\u00e1tica Tens\u00e3o\/Pot\u00eancia operacional t\u00edpica 37 VA a 120 V a 60 Hz 37 VA a 230 V a 50\/60 Hz<\/li>\n<li><strong>Especifica\u00e7\u00f5es Ambientais:<\/strong>Temperatura operacional: 0 a 40 \u00b0C Umidade operacional (sem condensa\u00e7\u00e3o):15 a 80% Temperatura n\u00e3o operacional: \u201340 a 70 \u00b0C<\/li>\n<li><strong>Umidade n\u00e3o operacional (sem condensa\u00e7\u00e3o):<\/strong> 5 a 95% Altitude m\u00e1xima: 16.000 p\u00e9s<\/li>\n<li><strong>Caracter\u00edsticas f\u00edsicas X50:<\/strong>762 mm (L) x 102 mm (A) x 102 mm (P), 30 pol (L) x 4 pol (A) x 4 pol (P) 2,54 kg\/5,6 lbs<\/li>\n<li><strong>Caracter\u00edsticas:<\/strong> TC8 USB micro-B 2.0 (diagn\u00f3stico)<\/li>\n<li><strong>Dimens\u00f5es:<\/strong>123 x 205 x 79 (mm)<\/li>\n<li><strong>Peso:<\/strong>812g<\/li>\n<li><strong>Ambiente:<\/strong>Temperatura: 0 \u00baC a 40 \u00baC N\u00e3o operacional: \u201320 \u00baC a 60 \u00baC<\/li>\n<li><strong>Altitude:<\/strong>Operacional: 0 a 10.000 p\u00e9s acima do n\u00edvel do mar N\u00e3o operacional: 0 a 35.000 p\u00e9s acima do n\u00edvel do mar<\/li>\n<li><strong>Sistemas compat\u00edveis:<\/strong>Poly G7500 (no m\u00ednimo software 3.0), Poly Studio X30 e Studio X50<\/li>\n<li><strong>Tamanho da tela:<\/strong>Tela de 8 polegadas<\/li>\n<li><strong>Propor\u00e7\u00e3o da tela:<\/strong>16 x 10<\/li>\n<li><strong>Resolu\u00e7\u00e3o:<\/strong>WXGA (1280 x 800)<\/li>\n<li><strong>\u00c2ngulo de visualiza\u00e7\u00e3o:<\/strong>75 graus (acima\/abaixo\/esquerda\/direita)<\/li>\n<li><strong>\u00c2ngulo de posicionamento\/coloca\u00e7\u00e3o:<\/strong> 60 graus<\/li>\n<li><strong>Tecnologia:<\/strong>O sensor de toque capacitivo suporta recursos multitoque; Comando direto de API pela rede; Painel LCD com ilumina\u00e7\u00e3o de fundo de LED; Tecnologia IPS (In-Plane Switching)<\/li>\n<li><strong>El\u00e9trica:<\/strong>Alimenta\u00e7\u00e3o por meio da ethernet (PoE), compat\u00edvel com IEEE 802.3af classe 3 Modo de suspens\u00e3o de baixo consumo de energia<\/li>\n<\/ul>\n<p>&nbsp;<\/p>\n<h2>Comunica\u00e7\u00e3o de V\u00eddeo Confer\u00eancia de Alta Qualidade<\/h2>\n<p>O Sistema Poly Studio VC X50 com TC8 \u00e9 a solu\u00e7\u00e3o ideal para empresas que buscam uma comunica\u00e7\u00e3o de v\u00eddeo confer\u00eancia de alta qualidade. Com esse sistema avan\u00e7ado, suas reuni\u00f5es corporativas se tornar\u00e3o mais eficientes e produtivas, permitindo que sua equipe se comunique de forma clara e precisa, mesmo \u00e0 dist\u00e2ncia.<\/p>\n<p>&nbsp;<\/p>\n<p>Benef\u00edcios:<\/p>\n<ul>\n<li>Qualidade de \u00e1udio e v\u00eddeo excepcionais, proporcionando uma experi\u00eancia imersiva;<\/li>\n<li>Resolu\u00e7\u00e3o de v\u00eddeo em alta defini\u00e7\u00e3o, permitindo que os participantes visualizem todos os detalhes;<\/li>\n<li>Cancelamento de ru\u00eddo avan\u00e7ado, garantindo que as vozes sejam ouvidas com clareza;<\/li>\n<li>Sistema de microfone de feixe que captura o \u00e1udio com precis\u00e3o, mesmo em ambientes com muito barulho;<\/li>\n<li>Compatibilidade com v\u00e1rias plataformas de videoconfer\u00eancia, facilitando a integra\u00e7\u00e3o com seu sistema existente.<\/li>\n<\/ul>\n<p>&nbsp;<\/p>\n<h2>Design Elegante e F\u00e1cil de Usar<\/h2>\n<p>O Sistema Poly Studio VC X50 com TC8 apresenta um design elegante e moderno, que se adapta perfeitamente a qualquer ambiente corporativo. Al\u00e9m disso, o sistema \u00e9 extremamente f\u00e1cil de usar, permitindo que qualquer pessoa, independentemente de sua experi\u00eancia t\u00e9cnica, possa iniciar e participar de uma videoconfer\u00eancia de forma r\u00e1pida e intuitiva.<\/p>\n<p>&nbsp;<\/p>\n<ul>\n<li>Interface de usu\u00e1rio amig\u00e1vel, com uma tela sens\u00edvel ao toque intuitiva no TC8;<\/li>\n<li>Configura\u00e7\u00e3o simplificada, sem a necessidade de conhecimentos t\u00e9cnicos avan\u00e7ados;<\/li>\n<li>Controle remoto TC8 com bot\u00f5es grandes e de f\u00e1cil acesso, permitindo uma opera\u00e7\u00e3o sem complica\u00e7\u00f5es;<\/li>\n<li>Conex\u00f5es com fio e sem fio, proporcionando flexibilidade na instala\u00e7\u00e3o;<\/li>\n<li>Design compacto e discreto, ocupando pouco espa\u00e7o em sua sala de reuni\u00f5es.<\/li>\n<\/ul>\n<p>&nbsp;<\/p>\n<h2>Conectividade e Integra\u00e7\u00e3o Avan\u00e7adas<\/h2>\n<p>O Sistema Poly Studio VC X50 com TC8 oferece conectividade e integra\u00e7\u00e3o avan\u00e7adas, permitindo que voc\u00ea se conecte e colabore com facilidade. Independentemente da plataforma de videoconfer\u00eancia que sua empresa utiliza, voc\u00ea poder\u00e1 desfrutar de uma experi\u00eancia perfeita e integrada com o sistema Poly Studio VC X50 com TC8.<\/p>\n<p>&nbsp;<\/p>\n<ul>\n<li>Conex\u00e3o com fio e sem fio com laptops, smartphones e tablets;<\/li>\n<li>Compatibilidade com v\u00e1rias plataformas de videoconfer\u00eancia, incluindo Zoom, Microsoft Teams, Cisco Webex e muito mais;<\/li>\n<li>Integra\u00e7\u00e3o com sistemas de controle de sala existentes, simplificando a opera\u00e7\u00e3o;<\/li>\n<li>Conectividade USB para compartilhamento de conte\u00fado e apresenta\u00e7\u00f5es durante as reuni\u00f5es;<\/li>\n<li>Compatibilidade com monitores e projetores externos para exibi\u00e7\u00e3o ampliada.<\/li>\n<\/ul>\n<p>&nbsp;<\/p>\n<p>Siga a B2TI nas redes sociais e fique por dentro das nossas novidades: <a href=\"https:\/\/linkedin.com\/company\/b2ti-solutions\/\" target=\"_blank\" rel=\"noopener\">LinkedIn<\/a> , <a href=\"https:\/\/facebook.com\/b2ti.solutions\/\" target=\"_blank\" rel=\"noopener\">Facebook<\/a> , <a href=\"https:\/\/instagram.com\/b2tisolutions\/\" target=\"_blank\" rel=\"noopener\">Instagram<\/a> e <a href=\"https:\/\/www.youtube.com\/@b2tisolutions930\" target=\"_blank\" rel=\"noopener\">Youtube<\/a> Nosso site: <a href=\"https:\/\/b2ti.com.br\" target=\"_blank\" rel=\"noopener\">www.b2ti.com.br<\/a><\/p>\n<p>2200-86270-212<\/p>\n","protected":false},"excerpt":{"rendered":"<h1>SISTEMA DE VIDEOCONFERENCIA | POLY | STUDIO | X50 | TC8 | 2200-86270-212<\/h1>\n<p>O Sistema Poly Studio VC X50 com TC8 \u00e9 a solu\u00e7\u00e3o ideal para empresas que buscam uma comunica\u00e7\u00e3o de videoconfer\u00eancia de alta qualidade.<\/p>\n","protected":false},"featured_media":932,"comment_status":"open","ping_status":"closed","template":"","meta":[],"product_brand":[144],"product_cat":[83],"product_tag":[177,176,173],"class_list":{"0":"post-929","1":"product","2":"type-product","3":"status-publish","4":"has-post-thumbnail","6":"product_brand-poly","7":"product_cat-videoconferencia","8":"product_tag-audio","9":"product_tag-comunicacao-empresarial","10":"product_tag-imagem","12":"first","13":"instock","14":"shipping-taxable","15":"product-type-simple"},"_links":{"self":[{"href":"https:\/\/b2ti.com.br\/unidades-de-negocio-e-produtos\/wp-json\/wp\/v2\/product\/929","targetHints":{"allow":["GET"]}}],"collection":[{"href":"https:\/\/b2ti.com.br\/unidades-de-negocio-e-produtos\/wp-json\/wp\/v2\/product"}],"about":[{"href":"https:\/\/b2ti.com.br\/unidades-de-negocio-e-produtos\/wp-json\/wp\/v2\/types\/product"}],"replies":[{"embeddable":true,"href":"https:\/\/b2ti.com.br\/unidades-de-negocio-e-produtos\/wp-json\/wp\/v2\/comments?post=929"}],"wp:featuredmedia":[{"embeddable":true,"href":"https:\/\/b2ti.com.br\/unidades-de-negocio-e-produtos\/wp-json\/wp\/v2\/media\/932"}],"wp:attachment":[{"href":"https:\/\/b2ti.com.br\/unidades-de-negocio-e-produtos\/wp-json\/wp\/v2\/media?parent=929"}],"wp:term":[{"taxonomy":"product_brand","embeddable":true,"href":"https:\/\/b2ti.com.br\/unidades-de-negocio-e-produtos\/wp-json\/wp\/v2\/product_brand?post=929"},{"taxonomy":"product_cat","embeddable":true,"href":"https:\/\/b2ti.com.br\/unidades-de-negocio-e-produtos\/wp-json\/wp\/v2\/product_cat?post=929"},{"taxonomy":"product_tag","embeddable":true,"href":"https:\/\/b2ti.com.br\/unidades-de-negocio-e-produtos\/wp-json\/wp\/v2\/product_tag?post=929"}],"curies":[{"name":"wp","href":"https:\/\/api.w.org\/{rel}","templated":true}]}}